{"id":2495,"date":"2021-01-21T11:46:38","date_gmt":"2021-01-21T11:46:38","guid":{"rendered":"https:\/\/www.lurdesnarciso.com\/produto\/salmonete-mullus-surmuletus\/"},"modified":"2022-10-19T12:52:49","modified_gmt":"2022-10-19T12:52:49","slug":"salmonete-mullus-surmuletus","status":"publish","type":"product","link":"https:\/\/www.lurdesnarciso.com\/it\/prodotto\/salmonete-mullus-surmuletus\/","title":{"rendered":"TRIGLIA (Mullus surmuletus)"},"content":{"rendered":"<p><strong>Arte de pesca principal:<\/strong> nasas.<\/p>\n<p><strong>Estado de conservaci\u00f3n:<\/strong> la poblaci\u00f3n local de salmonetes parece saludable. En la regi\u00f3n el tama\u00f1o comercial m\u00ednimo de la especie es de 15 cm.<\/p>\n<p><strong>Scheda dati: <a href=\"https:\/\/www.lurdesnarciso.com\/wp-content\/uploads\/2021\/01\/Ficha-tecnica-Salmonete.pdf\">Ficha-t\u00e9cnica (Salmonete)<\/a><\/strong><\/p>\n<p>&nbsp;<\/p>\n","protected":false},"excerpt":{"rendered":"<p>&nbsp;<\/p>\n<p>&nbsp;<\/p>\n","protected":false},"featured_media":3978,"template":"","meta":[],"yoast_head":"<!-- This site is optimized with the Yoast SEO plugin v15.4 - https:\/\/yoast.com\/wordpress\/plugins\/seo\/ -->\n<meta name=\"robots\" content=\"index, follow, max-snippet:-1, max-image-preview:large, max-video-preview:-1\" \/>\n<link rel=\"canonical\" href=\"https:\/\/www.lurdesnarciso.com\/it\/prodotto\/salmonete-mullus-surmuletus\/\" \/>\n<meta property=\"og:locale\" content=\"it_IT\" \/>\n<meta property=\"og:type\" content=\"article\" \/>\n<meta property=\"og:title\" content=\"TRIGLIA (Mullus surmuletus) - Lurdes Narciso, LDA\" \/>\n<meta property=\"og:description\" content=\"&nbsp;  &nbsp;\" \/>\n<meta property=\"og:url\" content=\"https:\/\/www.lurdesnarciso.com\/it\/prodotto\/salmonete-mullus-surmuletus\/\" \/>\n<meta property=\"og:site_name\" content=\"Lurdes Narciso, LDA\" \/>\n<meta property=\"article:modified_time\" content=\"2022-10-19T12:52:49+00:00\" \/>\n<meta property=\"og:image\" content=\"https:\/\/www.lurdesnarciso.com\/wp-content\/uploads\/2021\/01\/salmonete-04.jpg\" \/>\n\t<meta property=\"og:image:width\" content=\"748\" \/>\n\t<meta property=\"og:image:height\" content=\"721\" \/>\n<meta name=\"twitter:card\" content=\"summary_large_image\" \/>\n<meta name=\"twitter:label1\" content=\"Scritto da\">\n\t<meta name=\"twitter:data1\" content=\"Lurdes Narciso\">\n\t<meta name=\"twitter:label2\" content=\"Tempo di lettura stimato\">\n\t<meta name=\"twitter:data2\" content=\"0 minuti\">\n<script type=\"application\/ld+json\" class=\"yoast-schema-graph\">{\"@context\":\"https:\/\/schema.org\",\"@graph\":[{\"@type\":\"WebSite\",\"@id\":\"https:\/\/www.lurdesnarciso.com\/fr\/#website\",\"url\":\"https:\/\/www.lurdesnarciso.com\/fr\/\",\"name\":\"Lurdes Narciso, LDA\",\"description\":\"Fish from Atlantic Ocean\",\"potentialAction\":[{\"@type\":\"SearchAction\",\"target\":\"https:\/\/www.lurdesnarciso.com\/fr\/?s={search_term_string}\",\"query-input\":\"required name=search_term_string\"}],\"inLanguage\":\"it-IT\"},{\"@type\":\"ImageObject\",\"@id\":\"https:\/\/www.lurdesnarciso.com\/it\/prodotto\/salmonete-mullus-surmuletus\/#primaryimage\",\"inLanguage\":\"it-IT\",\"url\":\"https:\/\/www.lurdesnarciso.com\/wp-content\/uploads\/2021\/01\/salmonete-desenho.jpg\",\"width\":1200,\"height\":630},{\"@type\":\"WebPage\",\"@id\":\"https:\/\/www.lurdesnarciso.com\/it\/prodotto\/salmonete-mullus-surmuletus\/#webpage\",\"url\":\"https:\/\/www.lurdesnarciso.com\/it\/prodotto\/salmonete-mullus-surmuletus\/\",\"name\":\"TRIGLIA (Mullus surmuletus) - Lurdes Narciso, LDA\",\"isPartOf\":{\"@id\":\"https:\/\/www.lurdesnarciso.com\/fr\/#website\"},\"primaryImageOfPage\":{\"@id\":\"https:\/\/www.lurdesnarciso.com\/it\/prodotto\/salmonete-mullus-surmuletus\/#primaryimage\"},\"datePublished\":\"2021-01-21T11:46:38+00:00\",\"dateModified\":\"2022-10-19T12:52:49+00:00\",\"inLanguage\":\"it-IT\",\"potentialAction\":[{\"@type\":\"ReadAction\",\"target\":[\"https:\/\/www.lurdesnarciso.com\/it\/prodotto\/salmonete-mullus-surmuletus\/\"]}]}]}<\/script>\n<!-- \/ Yoast SEO plugin. -->","_links":{"self":[{"href":"https:\/\/www.lurdesnarciso.com\/it\/wp-json\/wp\/v2\/product\/2495"}],"collection":[{"href":"https:\/\/www.lurdesnarciso.com\/it\/wp-json\/wp\/v2\/product"}],"about":[{"href":"https:\/\/www.lurdesnarciso.com\/it\/wp-json\/wp\/v2\/types\/product"}],"wp:featuredmedia":[{"embeddable":true,"href":"https:\/\/www.lurdesnarciso.com\/it\/wp-json\/wp\/v2\/media\/3978"}],"wp:attachment":[{"href":"https:\/\/www.lurdesnarciso.com\/it\/wp-json\/wp\/v2\/media?parent=2495"}],"curies":[{"name":"wp","href":"https:\/\/api.w.org\/{rel}","templated":true}]}}