{"id":1682,"date":"2020-10-02T11:16:40","date_gmt":"2020-10-02T11:16:40","guid":{"rendered":"https:\/\/www.lurdesnarciso.com\/politica-de-privacidade\/"},"modified":"2021-03-11T11:58:42","modified_gmt":"2021-03-11T11:58:42","slug":"informativa-sulla-privacy","status":"publish","type":"page","link":"https:\/\/www.lurdesnarciso.com\/it\/informativa-sulla-privacy\/","title":{"rendered":"Informativa sulla privacy"},"content":{"rendered":"<p>[vc_row][vc_column][vc_column_text]<\/p>\n<h3 style=\"text-align: left\">GDPR &#8211; Regime generale di protezione dei dati<br \/>\nInformativa sulla privacy\u00a0| Termini di utilizzo &amp; utilizzo<\/h3>\n<p>&nbsp;<\/p>\n<p><strong>DICHIARAZIONE E CONSENSO <\/strong>ALLA <strong>PRIVACY POLICY<\/strong><\/p>\n<p>Accettando la presente Informativa sulla privacy, autorizzi Lurdes Narciso Lda, persona giuridica numero 512067716, con sede in Canada do Fisher Armaz\u00e9m 9, 9560-119 Ros\u00e1rio &#8211; Lagoa, S. Miguel &#8211; Azzorre, a trattare i tuoi dati personali presenti nel suo modulo di registrazione, di cui conferma di essere titolare, nonch\u00e9 dei dati relativi al proprio rapporto commerciale e contrattuale, e relativa gestione, ai sensi della presente Privacy Policy.<\/p>\n<p>&nbsp;<\/p>\n<p>Dichiara inoltre:<\/p>\n<ol>\n<li>essere consapevole e pienamente informato che il trattamento dei tuoi dati personali comprende tutte le operazioni effettuate sui dati da te trasmessi, con mezzi automatizzati o meno, ai fini di:<br \/>\n&#8211; migliorare il funzionamento e la funzionalit\u00e0 del sito Lurdes Narciso Lda, (anche nei casi in cui i tuoi dati saranno aggregati e trattati in modo statistico, senza essere identificabili da terze parti a cui sono forniti);<br \/>\n&#8211; migliorare e personalizzare i servizi che ti vengono forniti;<br \/>\n&#8211; contattarti tramite e-mail, messaggi scritti o per telefono per inviare informazioni o aggiornamenti sulle tue transazioni e ordini, nonch\u00e9 informazioni su nuovi prodotti o servizi;<br \/>\n&#8211; interagire con te su piattaforme di social media;<\/li>\n<li>accettare e acconsentire al libero utilizzo e riproduzione, da parte di Lurdes Narciso Lda, dei suoi contenuti disponibili al pubblico e \/ o pubblicati su piattaforme di social media in cui \u00e8 stato esplicitamente e specificamente menzionato &#8220;l&#8217;hashtag&#8221; di Lourdesnarciso, i nostri marchi, prodotti o servizi;<\/li>\n<li>viene a conoscenza che, ai sensi della normativa applicabile, pu\u00f2 opporsi, limitare, rettificare o chiederne la cancellazione in relazione al trattamento dei Suoi dati per una o alcune delle finalit\u00e0 sopra descritte, inviando una richiesta alla seguente email: geral@lurdesnarciso.com, oltre ad avere il diritto di proporre reclamo alle autorit\u00e0 competenti;<\/li>\n<li>fornire questo consenso liberamente e volontariamente e avere almeno 16 anni.<br \/>\n<strong><strong>POLITICA SULLA RISERVATEZZA<\/strong><\/strong><\/li>\n<\/ol>\n<p>In Lurdes Narciso Lda, consideriamo la tua privacy una cosa seria. Ci impegniamo a massimizzare la tua esperienza con il nostro sito Web e le piattaforme di social media, in un ambiente sicuro.<br \/>\n\u00c8 nostra politica trattare i tuoi dati personali con discrezione e proteggerli. Questa Informativa sulla privacy spiega come raccogliamo, proteggiamo, utilizziamo e condividiamo le informazioni su di te, online e offline, sperando di aumentare la tua fiducia in Lurdes Narciso Lda e migliorare la tua esperienza con noi.<\/p>\n<p>Si prega di notare che questa Informativa sulla privacy si applica solo alle informazioni raccolte da Lurdes Narciso Lda e non si estende alle informazioni che potresti aver inviato su altri siti Web o piattaforme social gestite per altre entit\u00e0 o organizzazioni a cui possiamo fare riferimento. Questa politica sulla privacy copre solo questo sito web. Si prega di leggere attentamente i seguenti termini.<\/p>\n<p>&nbsp;<\/p>\n<ol>\n<li><strong>I tuoi dati<\/strong><\/li>\n<\/ol>\n<p>Lurdes Narciso Lda si impegna a trattare i tuoi dati personali in conformit\u00e0 al Regolamento Europeo (UE) 2016\/679 del Parlamento Europeo e del Consiglio, del 27 aprile 2016, relativo alla protezione delle persone fisiche con riguardo al trattamento dei dati personali e al libero circolazione di tali dati e che abroga la direttiva 95\/46\/CE (regolamento generale sulla protezione dei dati).<br \/>\nQuesto sito non raccoglie informazioni personali su di te, a meno che tu non ce le fornisca volontariamente. Ci\u00f2 significa che non conosceremo il tuo nome, il tuo indirizzo email o qualsiasi altra informazione personale solo perch\u00e9 hai navigato in questo sito.<\/p>\n<p>Raccogliamo i tuoi dati solo quando compili un preventivo online o un modulo di richiesta di contatto. \u00c8 possibile che ti venga chiesto di inserire il tuo nome, contatto telefonico, indirizzo e-mail e altre informazioni pertinenti.<\/p>\n<p>Si prega di notare che fornendoci informazioni personali su di te secondo i termini descritti nella presente informativa sulla privacy, ci stai dando il tuo consenso per usarli per gli scopi qui menzionati.<\/p>\n<p>&nbsp;<\/p>\n<ol start=\"2\">\n<li><strong>Utilizzo dei tuoi dati<\/strong><\/li>\n<\/ol>\n<p>Tutti i dati forniti dall&#8217;utente possono essere utilizzati nei seguenti modi:<\/p>\n<ul>\n<li>personalizza la tua esperienza con noi<\/li>\n<li>per migliorare il nostro sito web nei servizi e nelle risorse disponibili<\/li>\n<li>migliorare il nostro servizio clienti in generale<\/li>\n<li>mettersi in contatto con te<\/li>\n<li>gestire un concorso, una promozione, un sondaggio o un&#8217;altra risorsa<\/li>\n<\/ul>\n<p>&nbsp;<\/p>\n<p>I tuoi dati, siano essi pubblici o privati, non saranno venduti, scambiati, trasferiti o ceduti a qualsiasi altra societ\u00e0 al di fuori di Lurdes Narciso Lda, per nessun motivo, senza il tuo consenso.<\/p>\n<p>Possiamo utilizzare e fornire informazioni e statistiche aggregate a terzi per monitorare l&#8217;utilizzo del nostro sito web, allo scopo di aiutarci a svilupparlo e ai nostri servizi. I dati utilizzati non devono includere informazioni che possono essere utilizzate per identificare qualsiasi individuo.<\/p>\n<p>I dati di contatto che fornisci possono essere utilizzati per inviare informazioni e aggiornamenti relativi ai tuoi ordini, oltre a ricevere aggiornamenti occasionali da Lurdes Narciso Lda e informazioni su prodotti o servizi correlati.<\/p>\n<p>Potremmo contattarti via e-mail o telefono per chiedere i tuoi commenti sui nostri prodotti e servizi.<\/p>\n<p>Nota: se, in qualsiasi momento, desideri annullare l&#8217;iscrizione a future email, includeremo istruzioni dettagliate per l&#8217;annullamento dell&#8217;iscrizione in fondo a ciascuna email.<\/p>\n<p>Lurdes Narciso Lda archivia i dati dei propri utenti sui propri server situati in Portogallo e Spagna. Questi server sono protetti e mantenuti in conformit\u00e0 con i pi\u00f9 elevati standard di sicurezza e al fine di rispettare le leggi sulla privacy applicabili.<\/p>\n<p>&nbsp;<\/p>\n<ol start=\"3\">\n<li><strong>Protezione delle tue informazioni<\/strong><\/li>\n<\/ol>\n<p>Seguiamo gli standard del settore per proteggere i tuoi dati durante la trasmissione e, una volta ricevuti, abbiamo implementato diverse misure per mantenere la sicurezza dei dati personali che ci hai trasmesso.<\/p>\n<p>TUTTAVIA, DOVREBBE STARE CONSAPEVOLE CHE NESSUN METODO DI TRASMISSIONE O MEMORIZZAZIONE ELETTRONICA \u00c8 SICURO AL 100%.<\/p>\n<p>QUINDI, NELLA MISURA MASSIMA CONSENTITA DALLA LEGGE, NON POSSIAMO ESSERE RESPONSABILI PER ALCUN RECLAMO. PERDITE E DANNI, INCLUSI, SENZA LIMITAZIONE, PERDITE O DANNI DIRETTI, INDIRETTI, SPECIALI, PUNITIVI, ACCIDENTALI O CONSEQUENZIALI SOSTENUTI DALL&#8217;UTENTE O DA QUALSIASI UTENTE RELATIVI A FRODE INFORMATICA, RISCHI O QUALSIASI ALTRA VIOLAZIONE O VIOLAZIONE QUALSIASI VIOLAZIONE DI QUALSIASI VIOLAZIONE O QUALSIASI VIOLAZIONE DI QUALSIASI VIOLAZIONE SENZA LA NOSTRA ESPRESSA AUTORIZZAZIONE.<\/p>\n<p>&nbsp;<\/p>\n<ol start=\"4\">\n<li><strong><strong>Cookies<\/strong><\/strong><\/li>\n<\/ol>\n<p>Un cookie \u00e8 un piccolo file di testo che, sebbene non raccolga informazioni personali che permettano di identificare l&#8217;utente, memorizza informazioni generali sulla tua navigazione sul tuo dispositivo di accesso (cellulare, computer o altro) che ne consentono un successivo utilizzo pi\u00f9 veloce. efficiente.<br \/>\nUn cookie, di per s\u00e9, non identifica personalmente alcun utente \/ visitatore.<br \/>\nPossiamo utilizzare tecnologie come i &#8220;cookie&#8221; per registrare informazioni sulla sessione, raccogliere visite e dettagli di accesso sulle nostre pagine web che ci consentono di continuare a migliorare i nostri servizi e fornire risorse migliori e pi\u00f9 utili agli utenti \/ visitatori del nostro sito web.<\/p>\n<p>I cookie sono consigliati e hanno funzioni specifiche al fine di consentire una navigazione migliore e pi\u00f9 personalizzata.<\/p>\n<p>L&#8217;esistenza dei cookie non influisce sul funzionamento del tuo dispositivo e del suo sistema operativo. Oltre alle informazioni memorizzate nel cookie, le informazioni vengono memorizzate anche nell&#8217;area di &#8220;archiviazione locale&#8221; del browser per lo stesso scopo dei cookie.<\/p>\n<p>I cookie possono essere di diversi tipi: quelli che consentono di identificare l&#8217;utente e migliorare il funzionamento dei servizi sui siti web; quelli che migliorano le prestazioni del sito analizzando come lo utilizzano gli utenti; quelli che consentono all&#8217;utente di navigare in modo pi\u00f9 individuale e quelli che raccolgono informazioni dall&#8217;utente sulle abitudini di navigazione in Internet in modo che la pubblicit\u00e0 visualizzata dall&#8217;utente corrisponda alle sue esigenze e ai suoi interessi.<\/p>\n<p>Lo scopo principale dei nostri cookie \u00e8 migliorare la tua esperienza di navigazione perch\u00e9, tra gli altri scopi, ci aiuta a ricordare le tue preferenze. Queste informazioni ci consentono anche di migliorare il nostro sito web (ad esempio, facilitando l&#8217;analisi statistica del suo utilizzo). In considerazione di questi scopi, i tuoi dati personali di natura sensibile non vengono memorizzati attraverso i cookie. Le informazioni contenute nei nostri cookie vengono utilizzate solo da noi, ad eccezione di quelle relative a Google Analytics (gestito da Google).<\/p>\n<p>Tutti i browser consentono all&#8217;utente di accettare, rifiutare o eliminare i cookie, ovvero selezionando l&#8217;impostazione appropriata nel rispettivo browser, in modo che l&#8217;utente possa, in qualsiasi momento, disabilitare parzialmente o totalmente i cookie utilizzati sul nostro sito web.<\/p>\n<p>Se scegli di disabilitare i cookie, potresti non essere in grado di accedere ad alcune sezioni del nostro sito Web, la tua navigazione diventer\u00e0 meno efficiente e potresti non beneficiare pi\u00f9 di nessuna delle funzionalit\u00e0 o dei servizi.<\/p>\n<p>&nbsp;<\/p>\n<p>Nota: questo elenco potrebbe essere aggiornato a causa di nuovi servizi e funzionalit\u00e0 sul nostro sito Web con l&#8217;introduzione di nuovi cookie.<\/p>\n<ol start=\"5\">\n<li><strong>Come garantire la tua sicurezza<\/strong><\/li>\n<\/ol>\n<p>Per la tua privacy, ti consigliamo di non includere dati personali, vale a dire sensibili, o confidenziali nelle e-mail che ci invii. Si prega di non inviarci numeri di carte di credito o informazioni personali sensibili tramite e-mail.<\/p>\n<p>Non raccogliamo consapevolmente informazioni personali da minori. In qualit\u00e0 di genitore o tutore legale, non consentire ai tuoi figli di inviare informazioni personali senza il tuo permesso.<\/p>\n<p>NON SIAMO RESPONSABILI DEI DATI IDENTIFICATIVI O ALTRE INFORMAZIONI CHE SCEGLIETE DI INVIARE NEI FORUM COME AREA COMMENTO O QUALSIASI ALTRA AREA PUBBLICA ACCESSIBILE CHE GESTIAMO O GESTIAMO.<\/p>\n<p>&nbsp;<\/p>\n<ol start=\"6\">\n<li><strong>Divulgazione di informazioni a terzi<\/strong><\/li>\n<\/ol>\n<p>Non vendiamo, scambiamo o trasferiamo le tue informazioni di identificazione personale a terzi. Ci\u00f2 non include terze parti fidate che ci aiutano a gestire il nostro sito Web, applicazioni mobili, condurre la nostra attivit\u00e0 o fornire servizi ai nostri clienti, a condizione che tali parti accettino di mantenere riservate queste informazioni.<\/p>\n<p>Potremmo anche divulgare le tue informazioni quando riteniamo che il rilascio sia appropriato per rispettare la legge, per far rispettare le politiche del nostro sito web o per proteggere i nostri diritti, propriet\u00e0 o sicurezza.<\/p>\n<p>Tuttavia, le informazioni sui visitatori non identificabili personalmente possono essere fornite ad altre parti per scopi di marketing, pubblicit\u00e0 o altri usi.<\/p>\n<p>&nbsp;<\/p>\n<ol start=\"7\">\n<li><strong>Chiamate di terze parti<\/strong><\/li>\n<\/ol>\n<p>Tieni presente che, sebbene ti trovi su un sito Web gestito da noi, potresti anche essere indirizzato a collegamenti a siti Web di terzi. Occasionalmente, a nostra discrezione, possiamo includere o offrire servizi di terze parti sulle nostre piattaforme.<\/p>\n<p>Questi siti di terze parti hanno politiche sulla privacy separate e indipendenti. Queste politiche non sono gestite o controllate da noi, quindi Lurdes Narciso Lda non si assume alcuna responsabilit\u00e0 per il contenuto e le attivit\u00e0 di questi siti web.<\/p>\n<p>Tuttavia, cerchiamo di proteggere l&#8217;integrit\u00e0 del nostro sito Web e delle nostre piattaforme e apprezziamo che ci contatti se desideri fornirci il tuo feedback su di essi. Si consiglia inoltre di leggere attentamente i termini e le condizioni e le politiche sulla privacy di questi siti Web collegati prima di inviare qualsiasi informazione o dato personale.<\/p>\n<p>&nbsp;<\/p>\n<ol start=\"8\">\n<li><strong>Il tuo consenso<\/strong><\/li>\n<\/ol>\n<p>Utilizzando il nostro sito Web e le nostre piattaforme, accetti la nostra Informativa sulla privacy.<\/p>\n<p>&nbsp;<\/p>\n<ol start=\"9\">\n<li><strong>Periodo di conservazione dei dati<\/strong><\/li>\n<\/ol>\n<p>Vale la pena ricordare che i dati personali forniti verranno conservati fino a quando non ne richiederai la rimozione.<\/p>\n<p>&nbsp;<\/p>\n<ol start=\"10\">\n<li><strong>Diritto d&#8217;autore<\/strong><\/li>\n<\/ol>\n<p>Video, suoni, immagini e tutte le informazioni su questo sito web non possono essere copiate, distribuite, modificate o inserite su piattaforme digitali, senza previa autorizzazione di Lurdes Narciso Lda.<\/p>\n<p>&nbsp;<\/p>\n<ol start=\"11\">\n<li><strong>I tuoi diritti<\/strong><\/li>\n<\/ol>\n<p>Poich\u00e9 vogliamo assicurarci che tu sia a conoscenza dei tuoi diritti e ai sensi della legge applicabile, desideriamo informarti che:<\/p>\n<ul>\n<li>I tuoi dati personali ti appartengono. In quanto tale, ha il diritto di accedere, rettificare, limitare, cancellare e opporsi al loro trattamento nonch\u00e9 di ottenerli da Lurdes Narciso Lda.<\/li>\n<li>Faremo ogni sforzo per garantire che i tuoi dati personali siano aggiornati e protetti secondo i migliori standard praticati dal settore.<\/li>\n<li>Hai il diritto di presentare un reclamo all&#8217;autorit\u00e0 di controllo della protezione dei dati competente. In Portogallo, questa autorit\u00e0 \u00e8 la Commissione nazionale per la protezione dei dati (&#8220;CNPD&#8221;). Ulteriori informazioni su CNPD possono essere ottenute tramite il sito web\u00a0<a href=\"http:\/\/www.cnpd.pt\/\">cnpd.pt.<\/a><\/li>\n<\/ul>\n<p><strong><br \/>\n<\/strong>Per esercitare i tuoi diritti di accesso, rettifica, cancellazione, blocco o opposizione al trattamento dei dati personali che fornisci, ai sensi della Legge n. 67\/98, del 26 ottobre, devi inviare una richiesta a tal fine, tramite il seguente indirizzo di posta elettronica: geral@lurdesnarciso.com.<\/p>\n<p>&nbsp;<\/p>\n<ol start=\"12\">\n<li><strong>Legge applicabile <\/strong><\/li>\n<\/ol>\n<p>I presenti Termini di utilizzo e utilizzo sono regolati e preparati in conformit\u00e0 con la legislazione in vigore. Qualsiasi conflitto o divergenza nella loro interpretazione sar\u00e0 sottoposto al Foro competente.<\/p>\n<p>&nbsp;<\/p>\n<ol start=\"13\">\n<li><strong>Modifiche alla nostra politica sulla privacy<\/strong><\/li>\n<\/ol>\n<p>Ci riserviamo il diritto di aggiornare, modificare o eliminare la presente Informativa sulla privacy qualsiasi dei termini qui contenuti senza alcun consenso successivo. Prenderemo nota di eventuali modifiche ad esso sul nostro sito web nonch\u00e9 tramite una comunicazione ai mezzi di contatto indicati. L&#8217;uso continuato del nostro sito Web, delle applicazioni, dei servizi e delle risorse offerti dopo tale comunicazione avr\u00e0 il tuo accordo con tali modifiche.<\/p>\n<p>La versione attuale \u00e8 stata pubblicata il 11\/9\/2020.<\/p>\n<p>&nbsp;<\/p>\n<ol start=\"14\">\n<li><strong>Contattaci<\/strong><\/li>\n<\/ol>\n<p>In caso di dubbi sulla presente Informativa sulla privacy o se intendi esercitare uno dei tuoi diritti sopra menzionati, ti preghiamo di contattarci tramite:<\/p>\n<p>Telefono: (+351) 296 965 367<\/p>\n<p>E-mail: geral@lurdesnarciso.com<\/p>\n<p>&nbsp;<\/p>\n<p>[\/vc_column_text][\/vc_column][\/vc_row]<\/p>\n","protected":false},"excerpt":{"rendered":"<p>[vc_row][vc_column][vc_column_text] GDPR &#8211; Regime generale di protezione dei dati Informativa sulla privacy\u00a0| Termini di utilizzo &amp; utilizzo &nbsp; DICHIARAZIONE E CONSENSO ALLA PRIVACY POLICY Accettando la presente Informativa sulla privacy, autorizzi Lurdes Narciso Lda, persona giuridica numero 512067716, con sede in Canada do Fisher Armaz\u00e9m 9, 9560-119 Ros\u00e1rio &#8211; Lagoa, S. Miguel &#8211; Azzorre, a trattare i tuoi dati personali&hellip;<\/p>\n","protected":false},"author":1,"featured_media":0,"parent":0,"menu_order":0,"comment_status":"closed","ping_status":"closed","template":"","meta":[],"yoast_head":"<!-- This site is optimized with the Yoast SEO plugin v15.4 - https:\/\/yoast.com\/wordpress\/plugins\/seo\/ -->\n<meta name=\"description\" content=\"Accettando la Informativa sulla privacy, autorizzi Lurdes Narciso Lda a trattare i tuoi dati personali presenti nel suo modulo.\" \/>\n<meta name=\"robots\" content=\"index, follow, max-snippet:-1, max-image-preview:large, max-video-preview:-1\" \/>\n<link rel=\"canonical\" href=\"https:\/\/www.lurdesnarciso.com\/it\/informativa-sulla-privacy\/\" \/>\n<meta property=\"og:locale\" content=\"it_IT\" \/>\n<meta property=\"og:type\" content=\"article\" \/>\n<meta property=\"og:title\" content=\"Informativa sulla privacy - Lurdes Narciso, LDA Vendita all&#039;ingrosso\" \/>\n<meta property=\"og:description\" content=\"Accettando la Informativa sulla privacy, autorizzi Lurdes Narciso Lda a trattare i tuoi dati personali presenti nel suo modulo.\" \/>\n<meta property=\"og:url\" content=\"https:\/\/www.lurdesnarciso.com\/it\/informativa-sulla-privacy\/\" \/>\n<meta property=\"og:site_name\" content=\"Lurdes Narciso, LDA\" \/>\n<meta property=\"article:modified_time\" content=\"2021-03-11T11:58:42+00:00\" \/>\n<meta name=\"twitter:card\" content=\"summary_large_image\" \/>\n<meta name=\"twitter:label1\" content=\"Scritto da\">\n\t<meta name=\"twitter:data1\" content=\"administrador\">\n\t<meta name=\"twitter:label2\" content=\"Tempo di lettura stimato\">\n\t<meta name=\"twitter:data2\" content=\"9 minuti\">\n<script type=\"application\/ld+json\" class=\"yoast-schema-graph\">{\"@context\":\"https:\/\/schema.org\",\"@graph\":[{\"@type\":\"WebSite\",\"@id\":\"https:\/\/www.lurdesnarciso.com\/fr\/#website\",\"url\":\"https:\/\/www.lurdesnarciso.com\/fr\/\",\"name\":\"Lurdes Narciso, LDA\",\"description\":\"Fish from Atlantic Ocean\",\"potentialAction\":[{\"@type\":\"SearchAction\",\"target\":\"https:\/\/www.lurdesnarciso.com\/fr\/?s={search_term_string}\",\"query-input\":\"required name=search_term_string\"}],\"inLanguage\":\"it-IT\"},{\"@type\":\"WebPage\",\"@id\":\"https:\/\/www.lurdesnarciso.com\/it\/informativa-sulla-privacy\/#webpage\",\"url\":\"https:\/\/www.lurdesnarciso.com\/it\/informativa-sulla-privacy\/\",\"name\":\"Informativa sulla privacy - Lurdes Narciso, LDA Vendita all'ingrosso\",\"isPartOf\":{\"@id\":\"https:\/\/www.lurdesnarciso.com\/fr\/#website\"},\"datePublished\":\"2020-10-02T11:16:40+00:00\",\"dateModified\":\"2021-03-11T11:58:42+00:00\",\"description\":\"Accettando la Informativa sulla privacy, autorizzi Lurdes Narciso Lda a trattare i tuoi dati personali presenti nel suo modulo.\",\"inLanguage\":\"it-IT\",\"potentialAction\":[{\"@type\":\"ReadAction\",\"target\":[\"https:\/\/www.lurdesnarciso.com\/it\/informativa-sulla-privacy\/\"]}]}]}<\/script>\n<!-- \/ Yoast SEO plugin. -->","_links":{"self":[{"href":"https:\/\/www.lurdesnarciso.com\/it\/wp-json\/wp\/v2\/pages\/1682"}],"collection":[{"href":"https:\/\/www.lurdesnarciso.com\/it\/wp-json\/wp\/v2\/pages"}],"about":[{"href":"https:\/\/www.lurdesnarciso.com\/it\/wp-json\/wp\/v2\/types\/page"}],"author":[{"embeddable":true,"href":"https:\/\/www.lurdesnarciso.com\/it\/wp-json\/wp\/v2\/users\/1"}],"replies":[{"embeddable":true,"href":"https:\/\/www.lurdesnarciso.com\/it\/wp-json\/wp\/v2\/comments?post=1682"}],"version-history":[{"count":5,"href":"https:\/\/www.lurdesnarciso.com\/it\/wp-json\/wp\/v2\/pages\/1682\/revisions"}],"predecessor-version":[{"id":2893,"href":"https:\/\/www.lurdesnarciso.com\/it\/wp-json\/wp\/v2\/pages\/1682\/revisions\/2893"}],"wp:attachment":[{"href":"https:\/\/www.lurdesnarciso.com\/it\/wp-json\/wp\/v2\/media?parent=1682"}],"curies":[{"name":"wp","href":"https:\/\/api.w.org\/{rel}","templated":true}]}}