{"id":2368,"date":"2017-01-19T09:04:49","date_gmt":"2017-01-19T09:04:49","guid":{"rendered":"https:\/\/www.lurdesnarciso.com\/produto\/cavaco-scyllarides-latus\/"},"modified":"2022-10-20T16:23:46","modified_gmt":"2022-10-20T16:23:46","slug":"cavaco-scyllarides-latus","status":"publish","type":"product","link":"https:\/\/www.lurdesnarciso.com\/fr\/produit\/cavaco-scyllarides-latus\/","title":{"rendered":"GRANDE CIGALE (Scyllarides latus)"},"content":{"rendered":"<p><strong>Principales m\u00e9thodes de p\u00eache:<\/strong> ramasser et pi\u00e9ger les poissons.<\/p>\n<p><strong>Statut de conservation:<\/strong> Les langoustes m\u00e9diterran\u00e9ennes ont une taille commerciale minimale de 17 cm (mesur\u00e9e de l&rsquo;\u0153il \u00e0 la racine de la queue) et une saison de fermeture entre le 1er mai et le 31 ao\u00fbt a \u00e9t\u00e9 mise en place. Cette esp\u00e8ce est surexploit\u00e9e dans certaines zones.<\/p>\n<p><strong>Fiche donn\u00e9es: <a href=\"https:\/\/www.lurdesnarciso.com\/wp-content\/uploads\/2017\/01\/Ficha-tecnica-Cavaco.pdf\">Ficha t\u00e9cnica (Cavaco)<\/a><\/strong><\/p>\n","protected":false},"excerpt":{"rendered":"<p>Principales m\u00e9thodes de p\u00eache: ramasser et pi\u00e9ger les poissons. Statut de conservation: Les langoustes m\u00e9diterran\u00e9ennes ont une taille commerciale minimale de 17 cm (mesur\u00e9e de l&rsquo;\u0153il \u00e0 la racine de la queue) et une saison de fermeture entre le 1er mai et le 31 ao\u00fbt a \u00e9t\u00e9 mise en place. Cette esp\u00e8ce est surexploit\u00e9e dans certaines zones. Fiche donn\u00e9es: Ficha&hellip;<\/p>\n","protected":false},"featured_media":4219,"template":"","meta":[],"yoast_head":"<!-- This site is optimized with the Yoast SEO plugin v15.4 - https:\/\/yoast.com\/wordpress\/plugins\/seo\/ -->\n<meta name=\"robots\" content=\"index, follow, max-snippet:-1, max-image-preview:large, max-video-preview:-1\" \/>\n<link rel=\"canonical\" href=\"https:\/\/www.lurdesnarciso.com\/fr\/produit\/cavaco-scyllarides-latus\/\" \/>\n<meta property=\"og:locale\" content=\"fr_FR\" \/>\n<meta property=\"og:type\" content=\"article\" \/>\n<meta property=\"og:title\" content=\"GRANDE CIGALE (Scyllarides latus) - Lurdes Narciso, LDA\" \/>\n<meta property=\"og:description\" content=\"Principales m\u00e9thodes de p\u00eache: ramasser et pi\u00e9ger les poissons. Statut de conservation: Les langoustes m\u00e9diterran\u00e9ennes ont une taille commerciale minimale de 17 cm (mesur\u00e9e de l&rsquo;\u0153il \u00e0 la racine de la queue) et une saison de fermeture entre le 1er mai et le 31 ao\u00fbt a \u00e9t\u00e9 mise en place. Cette esp\u00e8ce est surexploit\u00e9e dans certaines zones. Fiche donn\u00e9es: Ficha&hellip;\" \/>\n<meta property=\"og:url\" content=\"https:\/\/www.lurdesnarciso.com\/fr\/produit\/cavaco-scyllarides-latus\/\" \/>\n<meta property=\"og:site_name\" content=\"Lurdes Narciso, LDA\" \/>\n<meta property=\"article:modified_time\" content=\"2022-10-20T16:23:46+00:00\" \/>\n<meta property=\"og:image\" content=\"https:\/\/www.lurdesnarciso.com\/wp-content\/uploads\/2017\/01\/cavaco-1.png\" \/>\n\t<meta property=\"og:image:width\" content=\"2000\" \/>\n\t<meta property=\"og:image:height\" content=\"1333\" \/>\n<meta name=\"twitter:card\" content=\"summary_large_image\" \/>\n<meta name=\"twitter:label1\" content=\"\u00c9crit par\">\n\t<meta name=\"twitter:data1\" content=\"administrador\">\n\t<meta name=\"twitter:label2\" content=\"Dur\u00e9e de lecture est.\">\n\t<meta name=\"twitter:data2\" content=\"0 minute\">\n<script type=\"application\/ld+json\" class=\"yoast-schema-graph\">{\"@context\":\"https:\/\/schema.org\",\"@graph\":[{\"@type\":\"WebSite\",\"@id\":\"https:\/\/www.lurdesnarciso.com\/fr\/#website\",\"url\":\"https:\/\/www.lurdesnarciso.com\/fr\/\",\"name\":\"Lurdes Narciso, LDA\",\"description\":\"Fish from Atlantic Ocean\",\"potentialAction\":[{\"@type\":\"SearchAction\",\"target\":\"https:\/\/www.lurdesnarciso.com\/fr\/?s={search_term_string}\",\"query-input\":\"required name=search_term_string\"}],\"inLanguage\":\"fr-FR\"},{\"@type\":\"ImageObject\",\"@id\":\"https:\/\/www.lurdesnarciso.com\/fr\/produit\/cavaco-scyllarides-latus\/#primaryimage\",\"inLanguage\":\"fr-FR\",\"url\":\"https:\/\/www.lurdesnarciso.com\/wp-content\/uploads\/2017\/01\/cavaco.jpg\",\"width\":1200,\"height\":630},{\"@type\":\"WebPage\",\"@id\":\"https:\/\/www.lurdesnarciso.com\/fr\/produit\/cavaco-scyllarides-latus\/#webpage\",\"url\":\"https:\/\/www.lurdesnarciso.com\/fr\/produit\/cavaco-scyllarides-latus\/\",\"name\":\"GRANDE CIGALE (Scyllarides latus) - Lurdes Narciso, LDA\",\"isPartOf\":{\"@id\":\"https:\/\/www.lurdesnarciso.com\/fr\/#website\"},\"primaryImageOfPage\":{\"@id\":\"https:\/\/www.lurdesnarciso.com\/fr\/produit\/cavaco-scyllarides-latus\/#primaryimage\"},\"datePublished\":\"2017-01-19T09:04:49+00:00\",\"dateModified\":\"2022-10-20T16:23:46+00:00\",\"inLanguage\":\"fr-FR\",\"potentialAction\":[{\"@type\":\"ReadAction\",\"target\":[\"https:\/\/www.lurdesnarciso.com\/fr\/produit\/cavaco-scyllarides-latus\/\"]}]}]}<\/script>\n<!-- \/ Yoast SEO plugin. -->","_links":{"self":[{"href":"https:\/\/www.lurdesnarciso.com\/fr\/wp-json\/wp\/v2\/product\/2368"}],"collection":[{"href":"https:\/\/www.lurdesnarciso.com\/fr\/wp-json\/wp\/v2\/product"}],"about":[{"href":"https:\/\/www.lurdesnarciso.com\/fr\/wp-json\/wp\/v2\/types\/product"}],"wp:featuredmedia":[{"embeddable":true,"href":"https:\/\/www.lurdesnarciso.com\/fr\/wp-json\/wp\/v2\/media\/4219"}],"wp:attachment":[{"href":"https:\/\/www.lurdesnarciso.com\/fr\/wp-json\/wp\/v2\/media?parent=2368"}],"curies":[{"name":"wp","href":"https:\/\/api.w.org\/{rel}","templated":true}]}}