{"id":2361,"date":"2017-01-19T09:34:36","date_gmt":"2017-01-19T09:34:36","guid":{"rendered":"https:\/\/www.lurdesnarciso.com\/produto\/anchova-pomatomus-saltatrix\/"},"modified":"2022-10-20T15:10:07","modified_gmt":"2022-10-20T15:10:07","slug":"anchova-pomatomus-saltatrix","status":"publish","type":"product","link":"https:\/\/www.lurdesnarciso.com\/fr\/produit\/anchova-pomatomus-saltatrix\/","title":{"rendered":"TASSERGAL (Pomatomus saltatrix)"},"content":{"rendered":"<p><strong>Principales m\u00e9thodes de p\u00eache:<\/strong> p\u00eache \u00e0 la tra\u00eene c\u00f4ti\u00e8re et p\u00eache \u00e0 la canne c\u00f4ti\u00e8re.<\/p>\n<p><strong>\u00c9tat de conservation:<\/strong> les stocks atlantiques semblent sains.<\/p>\n<p><strong>Fiche donn\u00e9es: <a href=\"https:\/\/www.lurdesnarciso.com\/wp-content\/uploads\/2017\/01\/Ficha-tecnica-Anchova.pdf\">Ficha t\u00e9cnica (Anchova)<\/a><\/strong><\/p>\n","protected":false},"excerpt":{"rendered":"<p>Principales m\u00e9thodes de p\u00eache: p\u00eache \u00e0 la tra\u00eene c\u00f4ti\u00e8re et p\u00eache \u00e0 la canne c\u00f4ti\u00e8re. \u00c9tat de conservation: les stocks atlantiques semblent sains. Fiche donn\u00e9es: Ficha t\u00e9cnica (Anchova)<\/p>\n","protected":false},"featured_media":4189,"template":"","meta":[],"yoast_head":"<!-- This site is optimized with the Yoast SEO plugin v15.4 - https:\/\/yoast.com\/wordpress\/plugins\/seo\/ -->\n<meta name=\"robots\" content=\"index, follow, max-snippet:-1, max-image-preview:large, max-video-preview:-1\" \/>\n<link rel=\"canonical\" href=\"https:\/\/www.lurdesnarciso.com\/fr\/produit\/anchova-pomatomus-saltatrix\/\" \/>\n<meta property=\"og:locale\" content=\"fr_FR\" \/>\n<meta property=\"og:type\" content=\"article\" \/>\n<meta property=\"og:title\" content=\"TASSERGAL (Pomatomus saltatrix) - Lurdes Narciso, LDA\" \/>\n<meta property=\"og:description\" content=\"Principales m\u00e9thodes de p\u00eache: p\u00eache \u00e0 la tra\u00eene c\u00f4ti\u00e8re et p\u00eache \u00e0 la canne c\u00f4ti\u00e8re. \u00c9tat de conservation: les stocks atlantiques semblent sains. Fiche donn\u00e9es: Ficha t\u00e9cnica (Anchova)\" \/>\n<meta property=\"og:url\" content=\"https:\/\/www.lurdesnarciso.com\/fr\/produit\/anchova-pomatomus-saltatrix\/\" \/>\n<meta property=\"og:site_name\" content=\"Lurdes Narciso, LDA\" \/>\n<meta property=\"article:modified_time\" content=\"2022-10-20T15:10:07+00:00\" \/>\n<meta property=\"og:image\" content=\"https:\/\/www.lurdesnarciso.com\/wp-content\/uploads\/2017\/01\/anchova-1.png\" \/>\n\t<meta property=\"og:image:width\" content=\"800\" \/>\n\t<meta property=\"og:image:height\" content=\"258\" \/>\n<meta name=\"twitter:card\" content=\"summary_large_image\" \/>\n<meta name=\"twitter:label1\" content=\"\u00c9crit par\">\n\t<meta name=\"twitter:data1\" content=\"administrador\">\n\t<meta name=\"twitter:label2\" content=\"Dur\u00e9e de lecture est.\">\n\t<meta name=\"twitter:data2\" content=\"0 minute\">\n<script type=\"application\/ld+json\" class=\"yoast-schema-graph\">{\"@context\":\"https:\/\/schema.org\",\"@graph\":[{\"@type\":\"WebSite\",\"@id\":\"https:\/\/www.lurdesnarciso.com\/fr\/#website\",\"url\":\"https:\/\/www.lurdesnarciso.com\/fr\/\",\"name\":\"Lurdes Narciso, LDA\",\"description\":\"Fish from Atlantic Ocean\",\"potentialAction\":[{\"@type\":\"SearchAction\",\"target\":\"https:\/\/www.lurdesnarciso.com\/fr\/?s={search_term_string}\",\"query-input\":\"required name=search_term_string\"}],\"inLanguage\":\"fr-FR\"},{\"@type\":\"ImageObject\",\"@id\":\"https:\/\/www.lurdesnarciso.com\/fr\/produit\/anchova-pomatomus-saltatrix\/#primaryimage\",\"inLanguage\":\"fr-FR\",\"url\":\"https:\/\/www.lurdesnarciso.com\/wp-content\/uploads\/2017\/01\/saltatrix-anchova.png\",\"width\":520,\"height\":208},{\"@type\":\"WebPage\",\"@id\":\"https:\/\/www.lurdesnarciso.com\/fr\/produit\/anchova-pomatomus-saltatrix\/#webpage\",\"url\":\"https:\/\/www.lurdesnarciso.com\/fr\/produit\/anchova-pomatomus-saltatrix\/\",\"name\":\"TASSERGAL (Pomatomus saltatrix) - Lurdes Narciso, LDA\",\"isPartOf\":{\"@id\":\"https:\/\/www.lurdesnarciso.com\/fr\/#website\"},\"primaryImageOfPage\":{\"@id\":\"https:\/\/www.lurdesnarciso.com\/fr\/produit\/anchova-pomatomus-saltatrix\/#primaryimage\"},\"datePublished\":\"2017-01-19T09:34:36+00:00\",\"dateModified\":\"2022-10-20T15:10:07+00:00\",\"inLanguage\":\"fr-FR\",\"potentialAction\":[{\"@type\":\"ReadAction\",\"target\":[\"https:\/\/www.lurdesnarciso.com\/fr\/produit\/anchova-pomatomus-saltatrix\/\"]}]}]}<\/script>\n<!-- \/ Yoast SEO plugin. -->","_links":{"self":[{"href":"https:\/\/www.lurdesnarciso.com\/fr\/wp-json\/wp\/v2\/product\/2361"}],"collection":[{"href":"https:\/\/www.lurdesnarciso.com\/fr\/wp-json\/wp\/v2\/product"}],"about":[{"href":"https:\/\/www.lurdesnarciso.com\/fr\/wp-json\/wp\/v2\/types\/product"}],"wp:featuredmedia":[{"embeddable":true,"href":"https:\/\/www.lurdesnarciso.com\/fr\/wp-json\/wp\/v2\/media\/4189"}],"wp:attachment":[{"href":"https:\/\/www.lurdesnarciso.com\/fr\/wp-json\/wp\/v2\/media?parent=2361"}],"curies":[{"name":"wp","href":"https:\/\/api.w.org\/{rel}","templated":true}]}}