{"id":2359,"date":"2021-01-21T11:07:53","date_gmt":"2021-01-21T11:07:53","guid":{"rendered":"https:\/\/www.lurdesnarciso.com\/produto\/congro-conger-conger\/"},"modified":"2022-10-20T14:37:26","modified_gmt":"2022-10-20T14:37:26","slug":"congro-conger-conger","status":"publish","type":"product","link":"https:\/\/www.lurdesnarciso.com\/fr\/produit\/congro-conger-conger\/","title":{"rendered":"CONGRE D\u2019EUROPE (Conger conger)"},"content":{"rendered":"<p><strong>Principales m\u00e9thodes de p\u00eache:<\/strong> ligne \u00e0 main et palangre de fond.<\/p>\n<p><strong>Statut de conservation:<\/strong> il n&rsquo;y a pas de pr\u00e9occupation imm\u00e9diate quant \u00e0 l&rsquo;\u00e9tat de cette esp\u00e8ce aux A\u00e7ores, cependant, les congres captur\u00e9s localement se sont vu attribuer une taille commerciale minimale de 58 cm, conform\u00e9ment \u00e0 la l\u00e9gislation nationale.<\/p>\n<p><strong>Fiche donn\u00e9es: <a href=\"https:\/\/www.lurdesnarciso.com\/wp-content\/uploads\/2021\/01\/Ficha-tecnica-Congro.pdf\">Ficha t\u00e9cnica (Congro)<\/a><\/strong><\/p>\n<p>&nbsp;<\/p>\n","protected":false},"excerpt":{"rendered":"<p>Principales m\u00e9thodes de p\u00eache: ligne \u00e0 main et palangre de fond. Statut de conservation: il n&rsquo;y a pas de pr\u00e9occupation imm\u00e9diate quant \u00e0 l&rsquo;\u00e9tat de cette esp\u00e8ce aux A\u00e7ores, cependant, les congres captur\u00e9s localement se sont vu attribuer une taille commerciale minimale de 58 cm, conform\u00e9ment \u00e0 la l\u00e9gislation nationale. Fiche donn\u00e9es: Ficha t\u00e9cnica (Congro) &nbsp;<\/p>\n","protected":false},"featured_media":4174,"template":"","meta":[],"yoast_head":"<!-- This site is optimized with the Yoast SEO plugin v15.4 - https:\/\/yoast.com\/wordpress\/plugins\/seo\/ -->\n<meta name=\"robots\" content=\"index, follow, max-snippet:-1, max-image-preview:large, max-video-preview:-1\" \/>\n<link rel=\"canonical\" href=\"https:\/\/www.lurdesnarciso.com\/fr\/produit\/congro-conger-conger\/\" \/>\n<meta property=\"og:locale\" content=\"fr_FR\" \/>\n<meta property=\"og:type\" content=\"article\" \/>\n<meta property=\"og:title\" content=\"CONGRE D\u2019EUROPE (Conger conger) - Lurdes Narciso, LDA\" \/>\n<meta property=\"og:description\" content=\"Principales m\u00e9thodes de p\u00eache: ligne \u00e0 main et palangre de fond. Statut de conservation: il n&rsquo;y a pas de pr\u00e9occupation imm\u00e9diate quant \u00e0 l&rsquo;\u00e9tat de cette esp\u00e8ce aux A\u00e7ores, cependant, les congres captur\u00e9s localement se sont vu attribuer une taille commerciale minimale de 58 cm, conform\u00e9ment \u00e0 la l\u00e9gislation nationale. Fiche donn\u00e9es: Ficha t\u00e9cnica (Congro) &nbsp;\" \/>\n<meta property=\"og:url\" content=\"https:\/\/www.lurdesnarciso.com\/fr\/produit\/congro-conger-conger\/\" \/>\n<meta property=\"og:site_name\" content=\"Lurdes Narciso, LDA\" \/>\n<meta property=\"article:modified_time\" content=\"2022-10-20T14:37:26+00:00\" \/>\n<meta property=\"og:image\" content=\"https:\/\/www.lurdesnarciso.com\/wp-content\/uploads\/2021\/01\/congro.jpg\" \/>\n\t<meta property=\"og:image:width\" content=\"1280\" \/>\n\t<meta property=\"og:image:height\" content=\"1280\" \/>\n<meta name=\"twitter:card\" content=\"summary_large_image\" \/>\n<meta name=\"twitter:label1\" content=\"\u00c9crit par\">\n\t<meta name=\"twitter:data1\" content=\"Lurdes Narciso\">\n\t<meta name=\"twitter:label2\" content=\"Dur\u00e9e de lecture est.\">\n\t<meta name=\"twitter:data2\" content=\"0 minute\">\n<script type=\"application\/ld+json\" class=\"yoast-schema-graph\">{\"@context\":\"https:\/\/schema.org\",\"@graph\":[{\"@type\":\"WebSite\",\"@id\":\"https:\/\/www.lurdesnarciso.com\/fr\/#website\",\"url\":\"https:\/\/www.lurdesnarciso.com\/fr\/\",\"name\":\"Lurdes Narciso, LDA\",\"description\":\"Fish from Atlantic Ocean\",\"potentialAction\":[{\"@type\":\"SearchAction\",\"target\":\"https:\/\/www.lurdesnarciso.com\/fr\/?s={search_term_string}\",\"query-input\":\"required name=search_term_string\"}],\"inLanguage\":\"fr-FR\"},{\"@type\":\"ImageObject\",\"@id\":\"https:\/\/www.lurdesnarciso.com\/fr\/produit\/congro-conger-conger\/#primaryimage\",\"inLanguage\":\"fr-FR\",\"url\":\"https:\/\/www.lurdesnarciso.com\/wp-content\/uploads\/2021\/01\/conger-conger.jpg\",\"width\":640,\"height\":350},{\"@type\":\"WebPage\",\"@id\":\"https:\/\/www.lurdesnarciso.com\/fr\/produit\/congro-conger-conger\/#webpage\",\"url\":\"https:\/\/www.lurdesnarciso.com\/fr\/produit\/congro-conger-conger\/\",\"name\":\"CONGRE D\\u2019EUROPE (Conger conger) - Lurdes Narciso, LDA\",\"isPartOf\":{\"@id\":\"https:\/\/www.lurdesnarciso.com\/fr\/#website\"},\"primaryImageOfPage\":{\"@id\":\"https:\/\/www.lurdesnarciso.com\/fr\/produit\/congro-conger-conger\/#primaryimage\"},\"datePublished\":\"2021-01-21T11:07:53+00:00\",\"dateModified\":\"2022-10-20T14:37:26+00:00\",\"inLanguage\":\"fr-FR\",\"potentialAction\":[{\"@type\":\"ReadAction\",\"target\":[\"https:\/\/www.lurdesnarciso.com\/fr\/produit\/congro-conger-conger\/\"]}]}]}<\/script>\n<!-- \/ Yoast SEO plugin. -->","_links":{"self":[{"href":"https:\/\/www.lurdesnarciso.com\/fr\/wp-json\/wp\/v2\/product\/2359"}],"collection":[{"href":"https:\/\/www.lurdesnarciso.com\/fr\/wp-json\/wp\/v2\/product"}],"about":[{"href":"https:\/\/www.lurdesnarciso.com\/fr\/wp-json\/wp\/v2\/types\/product"}],"wp:featuredmedia":[{"embeddable":true,"href":"https:\/\/www.lurdesnarciso.com\/fr\/wp-json\/wp\/v2\/media\/4174"}],"wp:attachment":[{"href":"https:\/\/www.lurdesnarciso.com\/fr\/wp-json\/wp\/v2\/media?parent=2359"}],"curies":[{"name":"wp","href":"https:\/\/api.w.org\/{rel}","templated":true}]}}