{"id":2351,"date":"2021-01-21T11:13:24","date_gmt":"2021-01-21T11:13:24","guid":{"rendered":"https:\/\/www.lurdesnarciso.com\/produto\/escamuda-epigonus-telescopus\/"},"modified":"2022-10-20T14:14:44","modified_gmt":"2022-10-20T14:14:44","slug":"escamuda-epigonus-telescopus","status":"publish","type":"product","link":"https:\/\/www.lurdesnarciso.com\/fr\/produit\/escamuda-epigonus-telescopus\/","title":{"rendered":"SONNEUR COMMUN (Epigonus telescopus)"},"content":{"rendered":"<p><strong>Principales m\u00e9thodes de p\u00eache:<\/strong> ligne \u00e0 main et palangre de fond.<\/p>\n<p><strong>\u00c9tat de conservation:<\/strong> les stocks locaux semblent sains mais, en raison de leurs caract\u00e9ristiques biologiques, ils pourraient \u00eatre sensibles \u00e0 une augmentation de l&rsquo;effort de p\u00eache.<\/p>\n<p><strong>Fiche donn\u00e9es: <a href=\"https:\/\/www.lurdesnarciso.com\/wp-content\/uploads\/2021\/01\/Ficha-tecnica-Escamuda.pdf\">Ficha t\u00e9cnica (Escamuda)<\/a><\/strong><\/p>\n","protected":false},"excerpt":{"rendered":"<p>Principales m\u00e9thodes de p\u00eache: ligne \u00e0 main et palangre de fond. \u00c9tat de conservation: les stocks locaux semblent sains mais, en raison de leurs caract\u00e9ristiques biologiques, ils pourraient \u00eatre sensibles \u00e0 une augmentation de l&rsquo;effort de p\u00eache. Fiche donn\u00e9es: Ficha t\u00e9cnica (Escamuda)<\/p>\n","protected":false},"featured_media":4159,"template":"","meta":[],"yoast_head":"<!-- This site is optimized with the Yoast SEO plugin v15.4 - https:\/\/yoast.com\/wordpress\/plugins\/seo\/ -->\n<meta name=\"robots\" content=\"index, follow, max-snippet:-1, max-image-preview:large, max-video-preview:-1\" \/>\n<link rel=\"canonical\" href=\"https:\/\/www.lurdesnarciso.com\/fr\/produit\/escamuda-epigonus-telescopus\/\" \/>\n<meta property=\"og:locale\" content=\"fr_FR\" \/>\n<meta property=\"og:type\" content=\"article\" \/>\n<meta property=\"og:title\" content=\"SONNEUR COMMUN (Epigonus telescopus) - Lurdes Narciso, LDA\" \/>\n<meta property=\"og:description\" content=\"Principales m\u00e9thodes de p\u00eache: ligne \u00e0 main et palangre de fond. \u00c9tat de conservation: les stocks locaux semblent sains mais, en raison de leurs caract\u00e9ristiques biologiques, ils pourraient \u00eatre sensibles \u00e0 une augmentation de l&rsquo;effort de p\u00eache. Fiche donn\u00e9es: Ficha t\u00e9cnica (Escamuda)\" \/>\n<meta property=\"og:url\" content=\"https:\/\/www.lurdesnarciso.com\/fr\/produit\/escamuda-epigonus-telescopus\/\" \/>\n<meta property=\"og:site_name\" content=\"Lurdes Narciso, LDA\" \/>\n<meta property=\"article:modified_time\" content=\"2022-10-20T14:14:44+00:00\" \/>\n<meta property=\"og:image\" content=\"https:\/\/www.lurdesnarciso.com\/wp-content\/uploads\/2021\/01\/escamuda-1.jpg\" \/>\n\t<meta property=\"og:image:width\" content=\"610\" \/>\n\t<meta property=\"og:image:height\" content=\"202\" \/>\n<meta name=\"twitter:card\" content=\"summary_large_image\" \/>\n<meta name=\"twitter:label1\" content=\"\u00c9crit par\">\n\t<meta name=\"twitter:data1\" content=\"Lurdes Narciso\">\n\t<meta name=\"twitter:label2\" content=\"Dur\u00e9e de lecture est.\">\n\t<meta name=\"twitter:data2\" content=\"0 minute\">\n<script type=\"application\/ld+json\" class=\"yoast-schema-graph\">{\"@context\":\"https:\/\/schema.org\",\"@graph\":[{\"@type\":\"WebSite\",\"@id\":\"https:\/\/www.lurdesnarciso.com\/fr\/#website\",\"url\":\"https:\/\/www.lurdesnarciso.com\/fr\/\",\"name\":\"Lurdes Narciso, LDA\",\"description\":\"Fish from Atlantic Ocean\",\"potentialAction\":[{\"@type\":\"SearchAction\",\"target\":\"https:\/\/www.lurdesnarciso.com\/fr\/?s={search_term_string}\",\"query-input\":\"required name=search_term_string\"}],\"inLanguage\":\"fr-FR\"},{\"@type\":\"ImageObject\",\"@id\":\"https:\/\/www.lurdesnarciso.com\/fr\/produit\/escamuda-epigonus-telescopus\/#primaryimage\",\"inLanguage\":\"fr-FR\",\"url\":\"https:\/\/www.lurdesnarciso.com\/wp-content\/uploads\/2021\/01\/escamuda-2.jpg\",\"width\":1200,\"height\":630},{\"@type\":\"WebPage\",\"@id\":\"https:\/\/www.lurdesnarciso.com\/fr\/produit\/escamuda-epigonus-telescopus\/#webpage\",\"url\":\"https:\/\/www.lurdesnarciso.com\/fr\/produit\/escamuda-epigonus-telescopus\/\",\"name\":\"SONNEUR COMMUN (Epigonus telescopus) - Lurdes Narciso, LDA\",\"isPartOf\":{\"@id\":\"https:\/\/www.lurdesnarciso.com\/fr\/#website\"},\"primaryImageOfPage\":{\"@id\":\"https:\/\/www.lurdesnarciso.com\/fr\/produit\/escamuda-epigonus-telescopus\/#primaryimage\"},\"datePublished\":\"2021-01-21T11:13:24+00:00\",\"dateModified\":\"2022-10-20T14:14:44+00:00\",\"inLanguage\":\"fr-FR\",\"potentialAction\":[{\"@type\":\"ReadAction\",\"target\":[\"https:\/\/www.lurdesnarciso.com\/fr\/produit\/escamuda-epigonus-telescopus\/\"]}]}]}<\/script>\n<!-- \/ Yoast SEO plugin. -->","_links":{"self":[{"href":"https:\/\/www.lurdesnarciso.com\/fr\/wp-json\/wp\/v2\/product\/2351"}],"collection":[{"href":"https:\/\/www.lurdesnarciso.com\/fr\/wp-json\/wp\/v2\/product"}],"about":[{"href":"https:\/\/www.lurdesnarciso.com\/fr\/wp-json\/wp\/v2\/types\/product"}],"wp:featuredmedia":[{"embeddable":true,"href":"https:\/\/www.lurdesnarciso.com\/fr\/wp-json\/wp\/v2\/media\/4159"}],"wp:attachment":[{"href":"https:\/\/www.lurdesnarciso.com\/fr\/wp-json\/wp\/v2\/media?parent=2351"}],"curies":[{"name":"wp","href":"https:\/\/api.w.org\/{rel}","templated":true}]}}