{"id":1681,"date":"2020-10-02T11:16:40","date_gmt":"2020-10-02T11:16:40","guid":{"rendered":"https:\/\/www.lurdesnarciso.com\/politica-de-privacidade\/"},"modified":"2021-03-11T11:36:47","modified_gmt":"2021-03-11T11:36:47","slug":"politique-de-confidentialite","status":"publish","type":"page","link":"https:\/\/www.lurdesnarciso.com\/fr\/politique-de-confidentialite\/","title":{"rendered":"Politique de confidentialit\u00e9"},"content":{"rendered":"<p>[vc_row][vc_column][vc_column_text]<\/p>\n<h3 style=\"text-align: left\">RGPD &#8211; R\u00e9gime g\u00e9n\u00e9ral de protection des donn\u00e9es<br \/>\nPolitique de confidentialit\u00e9 | Conditions d&rsquo;utilisation &amp; d&rsquo;utilisation Utiliza\u00e7\u00e3o<\/h3>\n<p>&nbsp;<\/p>\n<p><strong>D\u00c9CLARATION ET CONSENTEMENT <\/strong>\u00c0 LA <strong>POLITIQUE DE CONFIDENTIALIT\u00c9<\/strong><\/p>\n<p>En acceptant cette politique de confidentialit\u00e9, vous autorisez Lurdes Narciso Lda, personne morale num\u00e9ro 512067716, bas\u00e9e au Canada do Fisher Armaz\u00e9m 9, 9560-119 Ros\u00e1rio &#8211; Lagoa, S.Miguel &#8211; A\u00e7ores, \u00e0 traiter vos donn\u00e9es personnelles pr\u00e9sentes de son formulaire d&rsquo;inscription, dont il confirme \u00eatre titulaire, ainsi que des donn\u00e9es li\u00e9es \u00e0 sa relation commerciale et contractuelle, et \u00e0 sa gestion respective, aux termes de la pr\u00e9sente politique de confidentialit\u00e9.<\/p>\n<p>&nbsp;<\/p>\n<p>Il d\u00e9clare en outre:<\/p>\n<ol>\n<li>soyez conscient et pleinement inform\u00e9 que le traitement de vos donn\u00e9es personnelles comprend toutes les op\u00e9rations effectu\u00e9es sur les donn\u00e9es transmises par vous, par des moyens automatis\u00e9s ou non, aux fins de:<br \/>\n&#8211; am\u00e9liorer le fonctionnement et la fonctionnalit\u00e9 du site Web Lurdes Narciso Lda, (y compris dans les cas o\u00f9 vos donn\u00e9es seront agr\u00e9g\u00e9es et trait\u00e9es de mani\u00e8re statistique, sans \u00eatre identifiables par les tiers auxquels elles sont fournies);<br \/>\n&#8211; am\u00e9liorer et personnaliser les services qui vous sont fournis;<br \/>\n&#8211; vous contacter par e-mail, messages \u00e9crits ou par t\u00e9l\u00e9phone pour &#8211; envoyer des informations ou des mises \u00e0 jour sur vos transactions et commandes, ainsi que des informations sur de nouveaux produits ou services;<br \/>\n&#8211; interagir avec vous sur les plateformes de m\u00e9dias sociaux;<\/li>\n<li>accepter et consentir \u00e0 l&rsquo;utilisation et \u00e0 la reproduction gratuites, par Lurdes Narciso Lda, de son contenu accessible au public et \/ ou publi\u00e9 sur des plateformes de m\u00e9dias sociaux dans lesquelles le \u00ab\u00a0hashtag\u00a0\u00bb lurdesnarciso, nos marques, produits ou services ont \u00e9t\u00e9 explicitement et sp\u00e9cifiquement mentionn\u00e9s.<\/li>\n<li>prendre connaissance que, aux termes de la l\u00e9gislation applicable, il peut s&rsquo;opposer, limiter, corriger ou demander la suppression en relation avec le traitement de vos donn\u00e9es pour l&rsquo;une ou certaines des finalit\u00e9s d\u00e9crites ci-dessus, en adressant une demande \u00e0 l&#8217;email suivant: geral@lurdesnarciso.com, ainsi que le droit de d\u00e9poser une plainte aupr\u00e8s des autorit\u00e9s comp\u00e9tentes;<\/li>\n<li>donner ce consentement librement et volontairement et \u00eatre \u00e2g\u00e9 de 16 ans ou plus.<br \/>\n<strong><strong>POLITIQUE DE CONFIDENTIALIT\u00c9<\/strong><\/strong><\/li>\n<\/ol>\n<p>Chez Lurdes Narciso Lda, nous consid\u00e9rons votre vie priv\u00e9e comme une question s\u00e9rieuse. Nous nous engageons \u00e0 maximiser votre exp\u00e9rience avec notre site Web et nos plateformes de m\u00e9dias sociaux, dans un environnement s\u00fbr.<br \/>\nNotre politique est de traiter vos donn\u00e9es personnelles avec discr\u00e9tion et de les prot\u00e9ger. Cette politique de confidentialit\u00e9 explique comment nous collectons, prot\u00e9geons, utilisons et partageons les informations vous concernant, en ligne et hors ligne, dans l&rsquo;espoir de vous apporter une confiance accrue en Lurdes Narciso Lda et d&rsquo;am\u00e9liorer votre exp\u00e9rience avec nous.<\/p>\n<p>Veuillez noter que cette politique de confidentialit\u00e9 s&rsquo;applique uniquement aux informations collect\u00e9es par Lurdes Narciso Lda et ne s&rsquo;\u00e9tend pas aux informations que vous avez pu soumettre sur d&rsquo;autres sites Web ou sur des plateformes sociales g\u00e9r\u00e9es pour d&rsquo;autres entit\u00e9s ou organisations auxquelles nous pouvons faire r\u00e9f\u00e9rence. Cette politique de confidentialit\u00e9 ne couvre que ce site Web. Veuillez lire attentivement les conditions suivantes.<\/p>\n<p>&nbsp;<\/p>\n<ol>\n<li><strong>Vos donn\u00e9es<\/strong><\/li>\n<\/ol>\n<p>Lurdes Narciso Lda s&rsquo;engage \u00e0 traiter vos donn\u00e9es personnelles conform\u00e9ment au r\u00e8glement europ\u00e9en (UE) 2016\/679 du Parlement europ\u00e9en et du Conseil, du 27 avril 2016, relatif \u00e0 la protection des personnes physiques \u00e0 l&rsquo;\u00e9gard du traitement des donn\u00e9es personnelles et de la gratuit\u00e9 mouvement de ces donn\u00e9es et abrogeant la directive 95\/46\/CE (r\u00e8glement g\u00e9n\u00e9ral sur la protection des donn\u00e9es).<br \/>\nCe site ne collecte pas d&rsquo;informations personnelles vous concernant, sauf si vous nous les fournissez volontairement. Cela signifie que nous ne conna\u00eetrons pas votre nom, votre adresse e-mail ou toute autre information personnelle simplement parce que vous avez navigu\u00e9 sur ce site.<\/p>\n<p>Nous collectons vos donn\u00e9es uniquement lorsque vous remplissez un devis en ligne ou un formulaire de demande de contact. Vous pouvez \u00eatre invit\u00e9 \u00e0 entrer votre nom, votre contact t\u00e9l\u00e9phonique, votre adresse e-mail et d&rsquo;autres informations pertinentes.<\/p>\n<p>Veuillez noter qu&rsquo;en nous fournissant des informations personnelles vous concernant dans les conditions d\u00e9crites dans la pr\u00e9sente politique de confidentialit\u00e9, vous nous autorisez \u00e0 les utiliser aux fins mentionn\u00e9es ici.<\/p>\n<p>&nbsp;<\/p>\n<ol start=\"2\">\n<li><strong>Utilisation de vos donn\u00e9es<\/strong><\/li>\n<\/ol>\n<p>Toutes les donn\u00e9es que vous fournissez peuvent \u00eatre utilis\u00e9es des mani\u00e8res suivantes:<\/p>\n<ul>\n<li>personnalisez votre exp\u00e9rience avec nous<\/li>\n<li>pour am\u00e9liorer notre site Web dans les services et ressources disponibles<\/li>\n<li>am\u00e9liorer notre service client en g\u00e9n\u00e9ral<\/li>\n<li>vous contacter<\/li>\n<li>g\u00e9rer un concours, une promotion, une enqu\u00eate ou une autre ressource<\/li>\n<\/ul>\n<p>&nbsp;<\/p>\n<p>Vos donn\u00e9es, qu&rsquo;elles soient publiques ou priv\u00e9es, ne seront pas vendues, \u00e9chang\u00e9es, transf\u00e9r\u00e9es ou c\u00e9d\u00e9es \u00e0 une autre soci\u00e9t\u00e9 en dehors de Lurdes Narciso Lda, pour quelque raison que ce soit, sans votre consentement.<\/p>\n<p>Nous pouvons utiliser et fournir des informations agr\u00e9g\u00e9es et des statistiques \u00e0 des tiers pour surveiller l&rsquo;utilisation de notre site Web, dans le but de nous aider \u00e0 le d\u00e9velopper et \u00e0 d\u00e9velopper nos services. Les donn\u00e9es utilis\u00e9es ne doivent pas inclure d\u2019informations pouvant \u00eatre utilis\u00e9es pour identifier un individu.<\/p>\n<p>Les coordonn\u00e9es que vous fournissez peuvent \u00eatre utilis\u00e9es pour envoyer des informations et des mises \u00e0 jour li\u00e9es \u00e0 vos commandes, en plus de recevoir des mises \u00e0 jour occasionnelles de Lurdes Narciso Lda et des informations sur les produits ou services associ\u00e9s.<\/p>\n<p>Nous pouvons vous contacter par e-mail ou par t\u00e9l\u00e9phone pour vous demander vos commentaires sur nos produits et services.<\/p>\n<p>Remarque: Si, \u00e0 tout moment, vous souhaitez vous d\u00e9sabonner des futurs e-mails, nous inclurons des instructions d\u00e9taill\u00e9es pour vous d\u00e9sabonner au bas de chaque e-mail.<\/p>\n<p>Lurdes Narciso Lda stocke les donn\u00e9es de ses utilisateurs sur ses serveurs situ\u00e9s au Portugal et en Espagne. Ces serveurs sont prot\u00e9g\u00e9s et maintenus conform\u00e9ment aux normes de s\u00e9curit\u00e9 les plus \u00e9lev\u00e9es et afin de respecter les lois applicables en mati\u00e8re de confidentialit\u00e9.<\/p>\n<p>&nbsp;<\/p>\n<ol start=\"3\">\n<li><strong>Protection de vos informations<\/strong><\/li>\n<\/ol>\n<p>Nous suivons les normes de l&rsquo;industrie pour prot\u00e9ger vos donn\u00e9es lors de la transmission et, une fois re\u00e7ues, nous avons mis en \u0153uvre plusieurs mesures pour maintenir la s\u00e9curit\u00e9 des donn\u00e9es personnelles que vous nous avez transmises.<\/p>\n<p>TOUTEFOIS, VOUS DEVEZ SAVOIR QU&rsquo;AUCUNE M\u00c9THODE DE TRANSMISSION OU DE STOCKAGE \u00c9LECTRONIQUE N&rsquo;EST S\u00c9CURIS\u00c9 \u00c0 100%.<\/p>\n<p>PAR CONS\u00c9QUENT, DANS LA MESURE MAXIMALE AUTORIS\u00c9E PAR LA LOI, NOUS NE POUVONS \u00caTRE RESPONSABLES DE TOUTE R\u00c9CLAMATION. PERTES ET DOMMAGES, Y COMPRIS, SANS LIMITATION, LES PERTES OU DOMMAGES DIRECTS, INDIRECTS, SP\u00c9CIAUX, PUNITIFS, ACCESSOIRES OU INDIRECTS INCLUS PAR VOUS OU TOUT UTILISATEUR LI\u00c9 \u00c0 LA FRAUDE INFORMATIQUE, LES RISQUES OU TOUTE AUTRE INFRACTION QUI CONSTITUE UNE CONTREFA\u00c7ON OU TOUTE INFRACTION TOUTE VIOLATION DE TOUTE INFRACTION OU TOUTE VIOLATION DE TOUTE INFRACTION SANS NOTRE AUTORISATION EXPRESSE.<\/p>\n<p>&nbsp;<\/p>\n<ol start=\"4\">\n<li><strong><strong>Cookies<\/strong><\/strong><\/li>\n<\/ol>\n<p>Un cookie est un petit fichier texte qui, bien qu&rsquo;il ne recueille pas d&rsquo;informations personnelles permettant d&rsquo;identifier l&rsquo;utilisateur, il stocke des informations g\u00e9n\u00e9rales sur votre navigation sur votre appareil d&rsquo;acc\u00e8s (t\u00e9l\u00e9phone portable, ordinateur ou autre) qui permettent une utilisation ult\u00e9rieure plus rapide. efficace.<br \/>\nUn cookie, en lui-m\u00eame, n&rsquo;identifie personnellement aucun utilisateur \/ visiteur.<br \/>\nNous pouvons utiliser des technologies telles que les \u00abcookies\u00bb pour enregistrer des informations de session, collecter des visites et acc\u00e9der aux d\u00e9tails de nos pages Web qui nous permettent de continuer \u00e0 am\u00e9liorer nos services et de fournir des ressources meilleures et plus utiles aux utilisateurs \/ visiteurs de notre site Web.<\/p>\n<p>Les cookies sont recommand\u00e9s et ont des fonctions sp\u00e9cifiques afin de permettre une navigation meilleure et plus personnalis\u00e9e.<\/p>\n<p>L&rsquo;existence de cookies n&rsquo;affecte pas le fonctionnement de votre appareil et de son syst\u00e8me d&rsquo;exploitation. En plus des informations stock\u00e9es dans le cookie, des informations sont \u00e9galement stock\u00e9es dans la zone \u00abstockage local\u00bb de votre navigateur aux m\u00eames fins que les cookies.<\/p>\n<p>Les cookies peuvent \u00eatre de plusieurs types: ceux qui vous permettent d&rsquo;identifier l&rsquo;utilisateur et d&rsquo;am\u00e9liorer le fonctionnement des services sur les sites Web; ceux qui am\u00e9liorent les performances du site en analysant la mani\u00e8re dont les utilisateurs l&rsquo;utilisent; ceux qui permettent \u00e0 l&rsquo;utilisateur de naviguer plus individuellement et ceux qui collectent des informations aupr\u00e8s de l&rsquo;utilisateur sur les habitudes de navigation sur Internet afin que la publicit\u00e9 vue par l&rsquo;utilisateur corresponde \u00e0 ses besoins et int\u00e9r\u00eats.<\/p>\n<p>L&rsquo;objectif principal de nos cookies est d&rsquo;am\u00e9liorer votre exp\u00e9rience de navigation car, entre autres, ils nous aident \u00e0 m\u00e9moriser vos pr\u00e9f\u00e9rences. Ces informations nous permettent \u00e9galement d&rsquo;am\u00e9liorer notre site Web (par exemple, en facilitant l&rsquo;analyse statistique de son utilisation). Au vu de ces finalit\u00e9s, vos informations personnellement identifiables de nature sensible ne sont pas stock\u00e9es par le biais de cookies. Les informations contenues dans nos cookies ne sont utilis\u00e9es que par nous, \u00e0 l&rsquo;exception de celles relatives \u00e0 Google Analytics (g\u00e9r\u00e9es par Google).<\/p>\n<p>Tous les navigateurs permettent \u00e0 l&rsquo;utilisateur d&rsquo;accepter, de refuser ou de supprimer les cookies, notamment en s\u00e9lectionnant les param\u00e8tres appropri\u00e9s dans le navigateur respectif, afin que l&rsquo;utilisateur puisse, \u00e0 tout moment, d\u00e9sactiver partiellement ou totalement les cookies utilis\u00e9s sur notre site Web.<\/p>\n<p>Si vous choisissez de d\u00e9sactiver les cookies, vous ne pourrez peut-\u00eatre pas acc\u00e9der \u00e0 certaines sections de notre site Web, votre navigation deviendra moins efficace et vous ne pourrez plus b\u00e9n\u00e9ficier d&rsquo;aucune des fonctionnalit\u00e9s ou des services.<\/p>\n<p>&nbsp;<\/p>\n<p>Remarque: cette liste peut \u00eatre mise \u00e0 jour en raison de nouveaux services et fonctionnalit\u00e9s sur notre site Web avec l&rsquo;introduction de nouveaux cookies.<\/p>\n<ol start=\"5\">\n<li><strong>Comment assurer votre s\u00e9curit\u00e9<\/strong><\/li>\n<\/ol>\n<p>Pour votre vie priv\u00e9e, nous vous conseillons de ne pas inclure de donn\u00e9es personnelles, \u00e0 savoir sensibles, ou confidentielles dans les e-mails que vous nous envoyez. Veuillez ne pas nous envoyer de num\u00e9ros de carte de cr\u00e9dit ou d&rsquo;informations personnelles sensibles par e-mail.<\/p>\n<p>Nous ne collectons pas sciemment d&rsquo;informations personnelles sur des mineurs. En tant que parent ou tuteur l\u00e9gal, n&rsquo;autorisez pas vos enfants \u00e0 envoyer des informations personnelles sans votre permission.<\/p>\n<p>NOUS NE SOMMES PAS RESPONSABLES DES DONN\u00c9ES D&rsquo;IDENTIFICATION OU D&rsquo;AUTRES INFORMATIONS QUE VOUS CHOISISSEZ D&rsquo;ENVOYER SUR LES FORUMS COMME ZONE DE COMMENTAIRE OU TOUT AUTRE ZONE PUBLIQUE ACCESSIBLE QUE NOUS G\u00c9RONS OU G\u00c9RONS.<\/p>\n<p>&nbsp;<\/p>\n<ol start=\"6\">\n<li><strong>Divulgation d&rsquo;informations \u00e0 des tiers<\/strong><\/li>\n<\/ol>\n<p>Nous ne vendons, n&rsquo;\u00e9changeons ni ne transf\u00e9rons vos informations personnellement identifiables \u00e0 des tiers. Cela n&rsquo;inclut pas les tiers de confiance qui nous aident \u00e0 g\u00e9rer notre site Web, nos applications mobiles, \u00e0 mener nos activit\u00e9s ou \u00e0 fournir des services \u00e0 nos clients, tant que ces parties acceptent de garder ces informations confidentielles.<\/p>\n<p>Nous pouvons \u00e9galement divulguer vos informations lorsque nous estimons que la publication est appropri\u00e9e pour se conformer \u00e0 la loi, pour appliquer les politiques de notre site Web ou pour prot\u00e9ger nos droits, notre propri\u00e9t\u00e9 ou notre s\u00e9curit\u00e9.<\/p>\n<p>Cependant, des informations de visiteur non personnellement identifiables peuvent \u00eatre fournies \u00e0 d&rsquo;autres parties \u00e0 des fins de marketing, de publicit\u00e9 ou d&rsquo;autres utilisations.<\/p>\n<p>&nbsp;<\/p>\n<ol start=\"7\">\n<li><strong>Appels tiers<\/strong><\/li>\n<\/ol>\n<p>Veuillez noter que bien que vous soyez sur un site Web exploit\u00e9 par nous, vous pouvez \u00e9galement \u00eatre renvoy\u00e9 vers des liens vers des sites Web tiers. Occasionnellement, \u00e0 notre discr\u00e9tion, nous pouvons inclure ou offrir des services tiers sur nos plateformes.<\/p>\n<p>Ces sites tiers ont des politiques de confidentialit\u00e9 distinctes et ind\u00e9pendantes. Ces politiques ne sont pas g\u00e9r\u00e9es ou contr\u00f4l\u00e9es par nous, donc Lurdes Narciso Lda n&rsquo;assume aucune responsabilit\u00e9 pour le contenu et les activit\u00e9s de ces sites Web.<\/p>\n<p>Cependant, nous essayons de prot\u00e9ger l&rsquo;int\u00e9grit\u00e9 de notre site Web et de nos plates-formes et nous appr\u00e9cions que vous nous contactiez si vous souhaitez nous faire part de vos commentaires \u00e0 leur sujet. Nous vous recommandons \u00e9galement de lire attentivement les conditions g\u00e9n\u00e9rales et les politiques de confidentialit\u00e9 de ces sites Web li\u00e9s avant de soumettre des informations ou des donn\u00e9es personnelles.<\/p>\n<p>&nbsp;<\/p>\n<ol start=\"8\">\n<li><strong>Votre consentement<\/strong><\/li>\n<\/ol>\n<p>En utilisant notre site Web et nos plateformes, vous acceptez notre politique de confidentialit\u00e9.<\/p>\n<p>&nbsp;<\/p>\n<ol start=\"9\">\n<li><strong>Dur\u00e9e de conservation de vos donn\u00e9es<\/strong><\/li>\n<\/ol>\n<p>Il est \u00e0 noter que les donn\u00e9es personnelles que vous fournissez seront conserv\u00e9es jusqu&rsquo;\u00e0 ce que vous demandiez leur suppression.<\/p>\n<p>&nbsp;<\/p>\n<ol start=\"10\">\n<li><strong>droits d&rsquo;auteur<\/strong><\/li>\n<\/ol>\n<p>Les vid\u00e9os, sons, images et toutes les informations de ce site Web ne peuvent \u00eatre copi\u00e9s, distribu\u00e9s, modifi\u00e9s ou plac\u00e9s sur des plates-formes num\u00e9riques, sans l&rsquo;autorisation pr\u00e9alable de Lurdes Narciso Lda.<\/p>\n<p>&nbsp;<\/p>\n<ol start=\"11\">\n<li><strong>Tes droits<\/strong><\/li>\n<\/ol>\n<p>Puisque nous voulons nous assurer que vous connaissez vos droits et en vertu de la loi applicable, nous voulons vous informer que:<\/p>\n<ul>\n<li>Vos donn\u00e9es personnelles vous appartiennent. A ce titre, il a le droit d&rsquo;acc\u00e9der, de rectifier, de limiter, d&rsquo;effacer et de s&rsquo;opposer \u00e0 leur traitement ainsi que de les obtenir aupr\u00e8s de Lurdes Narciso Lda.<\/li>\n<li>Nous mettrons tout en \u0153uvre pour que vos donn\u00e9es personnelles soient tenues \u00e0 jour et prot\u00e9g\u00e9es selon les meilleures normes pratiqu\u00e9es par l&rsquo;industrie.<\/li>\n<li>Vous avez le droit de d\u00e9poser une plainte aupr\u00e8s de l&rsquo;autorit\u00e9 de protection des donn\u00e9es comp\u00e9tente. Au Portugal, cette autorit\u00e9 est la Commission nationale de protection des donn\u00e9es (\u00abCNPD\u00bb). Plus d&rsquo;informations sur la CNPD peuvent \u00eatre obtenues via le site Web\u00a0<a href=\"http:\/\/www.cnpd.pt\/\">cnpd.pt.<\/a><\/li>\n<\/ul>\n<p><strong><br \/>\n<\/strong>Pour exercer vos droits d&rsquo;acc\u00e8s, de rectification, de suppression, de blocage ou d&rsquo;opposition au traitement des donn\u00e9es personnelles que vous fournissez, en vertu de la loi n\u00b0 67\/98 du 26 octobre, vous devez adresser une demande \u00e0 cet effet, via le adresse e-mail suivante: geral@lurdesnarciso.com.<\/p>\n<p>&nbsp;<\/p>\n<ol start=\"12\">\n<li><strong>Loi applicable <\/strong><\/li>\n<\/ol>\n<p>Ces conditions d&rsquo;utilisation et d&rsquo;utilisation sont r\u00e9gies et pr\u00e9par\u00e9es conform\u00e9ment \u00e0 la l\u00e9gislation en vigueur. Tout conflit ou divergence dans leur interpr\u00e9tation sera soumis au tribunal comp\u00e9tent.<\/p>\n<p>&nbsp;<\/p>\n<ol start=\"13\">\n<li><strong>Modifications de notre politique de confidentialit\u00e9<\/strong><\/li>\n<\/ol>\n<p>Nous nous r\u00e9servons le droit de mettre \u00e0 jour, de modifier ou de supprimer cette politique de confidentialit\u00e9 l&rsquo;une des conditions des pr\u00e9sentes sans aucun consentement ult\u00e9rieur. Nous noterons toute modification de celui-ci sur notre site Web ainsi que par une communication aux moyens de contact indiqu\u00e9s. L&rsquo;utilisation continue de notre site Web, des applications, des services et des ressources offerts apr\u00e8s une telle communication aura votre accord avec ces changements.<\/p>\n<p>La version actuelle a \u00e9t\u00e9 publi\u00e9e le 09\/11\/2020.<\/p>\n<p>&nbsp;<\/p>\n<ol start=\"14\">\n<li><strong>Nous contacter<\/strong><\/li>\n<\/ol>\n<p>En cas de doute sur cette politique de confidentialit\u00e9 ou si vous avez l&rsquo;intention d&rsquo;exercer l&rsquo;un de vos droits mentionn\u00e9s ci-dessus, veuillez nous contacter via:<\/p>\n<p>T\u00e9l\u00e9phone: (+351) 296 965 367<\/p>\n<p>E-mail: geral@lurdesnarciso.com[\/vc_column_text][\/vc_column][\/vc_row]<\/p>\n","protected":false},"excerpt":{"rendered":"<p>[vc_row][vc_column][vc_column_text] RGPD &#8211; R\u00e9gime g\u00e9n\u00e9ral de protection des donn\u00e9es Politique de confidentialit\u00e9 | Conditions d&rsquo;utilisation &amp; d&rsquo;utilisation Utiliza\u00e7\u00e3o &nbsp; D\u00c9CLARATION ET CONSENTEMENT \u00c0 LA POLITIQUE DE CONFIDENTIALIT\u00c9 En acceptant cette politique de confidentialit\u00e9, vous autorisez Lurdes Narciso Lda, personne morale num\u00e9ro 512067716, bas\u00e9e au Canada do Fisher Armaz\u00e9m 9, 9560-119 Ros\u00e1rio &#8211; Lagoa, S.Miguel &#8211; A\u00e7ores, \u00e0 traiter vos donn\u00e9es&hellip;<\/p>\n","protected":false},"author":1,"featured_media":0,"parent":0,"menu_order":0,"comment_status":"closed","ping_status":"closed","template":"","meta":[],"yoast_head":"<!-- This site is optimized with the Yoast SEO plugin v15.4 - https:\/\/yoast.com\/wordpress\/plugins\/seo\/ -->\n<meta name=\"description\" content=\"En acceptant cette politique de confidentialit\u00e9, vous autorisez Lurdes Narciso Lda \u00e0 traiter vos donn\u00e9es personnelles pr\u00e9sentes de formulaire.\" \/>\n<meta name=\"robots\" content=\"index, follow, max-snippet:-1, max-image-preview:large, max-video-preview:-1\" \/>\n<link rel=\"canonical\" href=\"https:\/\/www.lurdesnarciso.com\/fr\/politique-de-confidentialite\/\" \/>\n<meta property=\"og:locale\" content=\"fr_FR\" \/>\n<meta property=\"og:type\" content=\"article\" \/>\n<meta property=\"og:title\" content=\"Politique de confidentialit\u00e9-Commerce de gros de poissons crustac\u00e9s\" \/>\n<meta property=\"og:description\" content=\"En acceptant cette politique de confidentialit\u00e9, vous autorisez Lurdes Narciso Lda \u00e0 traiter vos donn\u00e9es personnelles pr\u00e9sentes de formulaire.\" \/>\n<meta property=\"og:url\" content=\"https:\/\/www.lurdesnarciso.com\/fr\/politique-de-confidentialite\/\" \/>\n<meta property=\"og:site_name\" content=\"Lurdes Narciso, LDA\" \/>\n<meta property=\"article:modified_time\" content=\"2021-03-11T11:36:47+00:00\" \/>\n<meta name=\"twitter:card\" content=\"summary_large_image\" \/>\n<meta name=\"twitter:label1\" content=\"\u00c9crit par\">\n\t<meta name=\"twitter:data1\" content=\"administrador\">\n\t<meta name=\"twitter:label2\" content=\"Dur\u00e9e de lecture est.\">\n\t<meta name=\"twitter:data2\" content=\"10 minutes\">\n<script type=\"application\/ld+json\" class=\"yoast-schema-graph\">{\"@context\":\"https:\/\/schema.org\",\"@graph\":[{\"@type\":\"WebSite\",\"@id\":\"https:\/\/www.lurdesnarciso.com\/fr\/#website\",\"url\":\"https:\/\/www.lurdesnarciso.com\/fr\/\",\"name\":\"Lurdes Narciso, LDA\",\"description\":\"Fish from Atlantic Ocean\",\"potentialAction\":[{\"@type\":\"SearchAction\",\"target\":\"https:\/\/www.lurdesnarciso.com\/fr\/?s={search_term_string}\",\"query-input\":\"required name=search_term_string\"}],\"inLanguage\":\"fr-FR\"},{\"@type\":\"WebPage\",\"@id\":\"https:\/\/www.lurdesnarciso.com\/fr\/politique-de-confidentialite\/#webpage\",\"url\":\"https:\/\/www.lurdesnarciso.com\/fr\/politique-de-confidentialite\/\",\"name\":\"Politique de confidentialit\\u00e9-Commerce de gros de poissons crustac\\u00e9s\",\"isPartOf\":{\"@id\":\"https:\/\/www.lurdesnarciso.com\/fr\/#website\"},\"datePublished\":\"2020-10-02T11:16:40+00:00\",\"dateModified\":\"2021-03-11T11:36:47+00:00\",\"description\":\"En acceptant cette politique de confidentialit\\u00e9, vous autorisez Lurdes Narciso Lda \\u00e0 traiter vos donn\\u00e9es personnelles pr\\u00e9sentes de formulaire.\",\"inLanguage\":\"fr-FR\",\"potentialAction\":[{\"@type\":\"ReadAction\",\"target\":[\"https:\/\/www.lurdesnarciso.com\/fr\/politique-de-confidentialite\/\"]}]}]}<\/script>\n<!-- \/ Yoast SEO plugin. -->","_links":{"self":[{"href":"https:\/\/www.lurdesnarciso.com\/fr\/wp-json\/wp\/v2\/pages\/1681"}],"collection":[{"href":"https:\/\/www.lurdesnarciso.com\/fr\/wp-json\/wp\/v2\/pages"}],"about":[{"href":"https:\/\/www.lurdesnarciso.com\/fr\/wp-json\/wp\/v2\/types\/page"}],"author":[{"embeddable":true,"href":"https:\/\/www.lurdesnarciso.com\/fr\/wp-json\/wp\/v2\/users\/1"}],"replies":[{"embeddable":true,"href":"https:\/\/www.lurdesnarciso.com\/fr\/wp-json\/wp\/v2\/comments?post=1681"}],"version-history":[{"count":7,"href":"https:\/\/www.lurdesnarciso.com\/fr\/wp-json\/wp\/v2\/pages\/1681\/revisions"}],"predecessor-version":[{"id":2891,"href":"https:\/\/www.lurdesnarciso.com\/fr\/wp-json\/wp\/v2\/pages\/1681\/revisions\/2891"}],"wp:attachment":[{"href":"https:\/\/www.lurdesnarciso.com\/fr\/wp-json\/wp\/v2\/media?parent=1681"}],"curies":[{"name":"wp","href":"https:\/\/api.w.org\/{rel}","templated":true}]}}