{"id":2485,"date":"2017-01-19T09:04:49","date_gmt":"2017-01-19T09:04:49","guid":{"rendered":"https:\/\/www.lurdesnarciso.com\/produto\/cavaco-scyllarides-latus\/"},"modified":"2022-10-20T16:21:13","modified_gmt":"2022-10-20T16:21:13","slug":"cavaco-scyllarides-latus","status":"publish","type":"product","link":"https:\/\/www.lurdesnarciso.com\/es\/producto\/cavaco-scyllarides-latus\/","title":{"rendered":"SANTIAGO (Scyllarides latus)"},"content":{"rendered":"<p><strong>Arte de pesca principal:<\/strong> pesca manual y trampas.<\/p>\n<p><strong>Estado de conservaci\u00f3n:<\/strong> tama\u00f1o m\u00ednimo de captura de 17 cm, medido desde el ojo hasta la ra\u00edz de la cola. Temporada de veda entre el 1 de mayo y el 31 de agosto. Sobreexplorado en algunas \u00e1reas de distribuci\u00f3n.<\/p>\n<p><strong>Ficha t\u00e9cnica: <a href=\"https:\/\/www.lurdesnarciso.com\/wp-content\/uploads\/2017\/01\/Ficha-tecnica-Cavaco.pdf\">Ficha t\u00e9cnica (Cavaco)<\/a><\/strong><\/p>\n","protected":false},"excerpt":{"rendered":"<p>Arte de pesca principal: pesca manual y trampas. Estado de conservaci\u00f3n: tama\u00f1o m\u00ednimo de captura de 17 cm, medido desde el ojo hasta la ra\u00edz de la cola. Temporada de veda entre el 1 de mayo y el 31 de agosto. Sobreexplorado en algunas \u00e1reas de distribuci\u00f3n. Ficha t\u00e9cnica: Ficha t\u00e9cnica (Cavaco)<\/p>\n","protected":false},"featured_media":4221,"template":"","meta":[],"yoast_head":"<!-- This site is optimized with the Yoast SEO plugin v15.4 - https:\/\/yoast.com\/wordpress\/plugins\/seo\/ -->\n<meta name=\"robots\" content=\"index, follow, max-snippet:-1, max-image-preview:large, max-video-preview:-1\" \/>\n<link rel=\"canonical\" href=\"https:\/\/www.lurdesnarciso.com\/es\/producto\/cavaco-scyllarides-latus\/\" \/>\n<meta property=\"og:locale\" content=\"es_ES\" \/>\n<meta property=\"og:type\" content=\"article\" \/>\n<meta property=\"og:title\" content=\"SANTIAGO (Scyllarides latus) - Lurdes Narciso, LDA\" \/>\n<meta property=\"og:description\" content=\"Arte de pesca principal: pesca manual y trampas. Estado de conservaci\u00f3n: tama\u00f1o m\u00ednimo de captura de 17 cm, medido desde el ojo hasta la ra\u00edz de la cola. Temporada de veda entre el 1 de mayo y el 31 de agosto. Sobreexplorado en algunas \u00e1reas de distribuci\u00f3n. Ficha t\u00e9cnica: Ficha t\u00e9cnica (Cavaco)\" \/>\n<meta property=\"og:url\" content=\"https:\/\/www.lurdesnarciso.com\/es\/producto\/cavaco-scyllarides-latus\/\" \/>\n<meta property=\"og:site_name\" content=\"Lurdes Narciso, LDA\" \/>\n<meta property=\"article:modified_time\" content=\"2022-10-20T16:21:13+00:00\" \/>\n<meta property=\"og:image\" content=\"https:\/\/www.lurdesnarciso.com\/wp-content\/uploads\/2017\/01\/cavaco-1.png\" \/>\n\t<meta property=\"og:image:width\" content=\"2000\" \/>\n\t<meta property=\"og:image:height\" content=\"1333\" \/>\n<meta name=\"twitter:card\" content=\"summary_large_image\" \/>\n<meta name=\"twitter:label1\" content=\"Escrito por\">\n\t<meta name=\"twitter:data1\" content=\"administrador\">\n\t<meta name=\"twitter:label2\" content=\"Tiempo de lectura\">\n\t<meta name=\"twitter:data2\" content=\"0 minutos\">\n<script type=\"application\/ld+json\" class=\"yoast-schema-graph\">{\"@context\":\"https:\/\/schema.org\",\"@graph\":[{\"@type\":\"WebSite\",\"@id\":\"https:\/\/www.lurdesnarciso.com\/fr\/#website\",\"url\":\"https:\/\/www.lurdesnarciso.com\/fr\/\",\"name\":\"Lurdes Narciso, LDA\",\"description\":\"Fish from Atlantic Ocean\",\"potentialAction\":[{\"@type\":\"SearchAction\",\"target\":\"https:\/\/www.lurdesnarciso.com\/fr\/?s={search_term_string}\",\"query-input\":\"required name=search_term_string\"}],\"inLanguage\":\"es\"},{\"@type\":\"ImageObject\",\"@id\":\"https:\/\/www.lurdesnarciso.com\/es\/producto\/cavaco-scyllarides-latus\/#primaryimage\",\"inLanguage\":\"es\",\"url\":\"https:\/\/www.lurdesnarciso.com\/wp-content\/uploads\/2017\/01\/cavaco.jpg\",\"width\":1200,\"height\":630},{\"@type\":\"WebPage\",\"@id\":\"https:\/\/www.lurdesnarciso.com\/es\/producto\/cavaco-scyllarides-latus\/#webpage\",\"url\":\"https:\/\/www.lurdesnarciso.com\/es\/producto\/cavaco-scyllarides-latus\/\",\"name\":\"SANTIAGO (Scyllarides latus) - Lurdes Narciso, LDA\",\"isPartOf\":{\"@id\":\"https:\/\/www.lurdesnarciso.com\/fr\/#website\"},\"primaryImageOfPage\":{\"@id\":\"https:\/\/www.lurdesnarciso.com\/es\/producto\/cavaco-scyllarides-latus\/#primaryimage\"},\"datePublished\":\"2017-01-19T09:04:49+00:00\",\"dateModified\":\"2022-10-20T16:21:13+00:00\",\"inLanguage\":\"es\",\"potentialAction\":[{\"@type\":\"ReadAction\",\"target\":[\"https:\/\/www.lurdesnarciso.com\/es\/producto\/cavaco-scyllarides-latus\/\"]}]}]}<\/script>\n<!-- \/ Yoast SEO plugin. -->","_links":{"self":[{"href":"https:\/\/www.lurdesnarciso.com\/es\/wp-json\/wp\/v2\/product\/2485"}],"collection":[{"href":"https:\/\/www.lurdesnarciso.com\/es\/wp-json\/wp\/v2\/product"}],"about":[{"href":"https:\/\/www.lurdesnarciso.com\/es\/wp-json\/wp\/v2\/types\/product"}],"wp:featuredmedia":[{"embeddable":true,"href":"https:\/\/www.lurdesnarciso.com\/es\/wp-json\/wp\/v2\/media\/4221"}],"wp:attachment":[{"href":"https:\/\/www.lurdesnarciso.com\/es\/wp-json\/wp\/v2\/media?parent=2485"}],"curies":[{"name":"wp","href":"https:\/\/api.w.org\/{rel}","templated":true}]}}