{"id":2478,"date":"2017-01-19T09:34:36","date_gmt":"2017-01-19T09:34:36","guid":{"rendered":"https:\/\/www.lurdesnarciso.com\/produto\/anchova-pomatomus-saltatrix\/"},"modified":"2022-10-20T15:08:42","modified_gmt":"2022-10-20T15:08:42","slug":"anchova-pomatomus-saltatrix","status":"publish","type":"product","link":"https:\/\/www.lurdesnarciso.com\/es\/producto\/anchova-pomatomus-saltatrix\/","title":{"rendered":"ANCHOA (Pomatomus saltatrix)"},"content":{"rendered":"<p><strong>Arte de pesca principal:<\/strong> curric\u00e1n y sedal.<\/p>\n<p><strong>Estado de conservaci\u00f3n:<\/strong> los manantiales atl\u00e1nticos de esta especie parecen sanos.<\/p>\n<p><strong>Ficha t\u00e9cnica: <a href=\"https:\/\/www.lurdesnarciso.com\/wp-content\/uploads\/2017\/01\/Ficha-tecnica-Anchova.pdf\">Ficha t\u00e9cnica (Anchova)<\/a><\/strong><\/p>\n","protected":false},"excerpt":{"rendered":"<p>Arte de pesca principal: curric\u00e1n y sedal. Estado de conservaci\u00f3n: los manantiales atl\u00e1nticos de esta especie parecen sanos. Ficha t\u00e9cnica: Ficha t\u00e9cnica (Anchova)<\/p>\n","protected":false},"featured_media":4191,"template":"","meta":[],"yoast_head":"<!-- This site is optimized with the Yoast SEO plugin v15.4 - https:\/\/yoast.com\/wordpress\/plugins\/seo\/ -->\n<meta name=\"robots\" content=\"index, follow, max-snippet:-1, max-image-preview:large, max-video-preview:-1\" \/>\n<link rel=\"canonical\" href=\"https:\/\/www.lurdesnarciso.com\/es\/producto\/anchova-pomatomus-saltatrix\/\" \/>\n<meta property=\"og:locale\" content=\"es_ES\" \/>\n<meta property=\"og:type\" content=\"article\" \/>\n<meta property=\"og:title\" content=\"ANCHOA (Pomatomus saltatrix) - Lurdes Narciso, LDA\" \/>\n<meta property=\"og:description\" content=\"Arte de pesca principal: curric\u00e1n y sedal. Estado de conservaci\u00f3n: los manantiales atl\u00e1nticos de esta especie parecen sanos. Ficha t\u00e9cnica: Ficha t\u00e9cnica (Anchova)\" \/>\n<meta property=\"og:url\" content=\"https:\/\/www.lurdesnarciso.com\/es\/producto\/anchova-pomatomus-saltatrix\/\" \/>\n<meta property=\"og:site_name\" content=\"Lurdes Narciso, LDA\" \/>\n<meta property=\"article:modified_time\" content=\"2022-10-20T15:08:42+00:00\" \/>\n<meta property=\"og:image\" content=\"https:\/\/www.lurdesnarciso.com\/wp-content\/uploads\/2017\/01\/anchova-1.png\" \/>\n\t<meta property=\"og:image:width\" content=\"800\" \/>\n\t<meta property=\"og:image:height\" content=\"258\" \/>\n<meta name=\"twitter:card\" content=\"summary_large_image\" \/>\n<meta name=\"twitter:label1\" content=\"Escrito por\">\n\t<meta name=\"twitter:data1\" content=\"administrador\">\n\t<meta name=\"twitter:label2\" content=\"Tiempo de lectura\">\n\t<meta name=\"twitter:data2\" content=\"0 minutos\">\n<script type=\"application\/ld+json\" class=\"yoast-schema-graph\">{\"@context\":\"https:\/\/schema.org\",\"@graph\":[{\"@type\":\"WebSite\",\"@id\":\"https:\/\/www.lurdesnarciso.com\/fr\/#website\",\"url\":\"https:\/\/www.lurdesnarciso.com\/fr\/\",\"name\":\"Lurdes Narciso, LDA\",\"description\":\"Fish from Atlantic Ocean\",\"potentialAction\":[{\"@type\":\"SearchAction\",\"target\":\"https:\/\/www.lurdesnarciso.com\/fr\/?s={search_term_string}\",\"query-input\":\"required name=search_term_string\"}],\"inLanguage\":\"es\"},{\"@type\":\"ImageObject\",\"@id\":\"https:\/\/www.lurdesnarciso.com\/es\/producto\/anchova-pomatomus-saltatrix\/#primaryimage\",\"inLanguage\":\"es\",\"url\":\"https:\/\/www.lurdesnarciso.com\/wp-content\/uploads\/2017\/01\/saltatrix-anchova.png\",\"width\":520,\"height\":208},{\"@type\":\"WebPage\",\"@id\":\"https:\/\/www.lurdesnarciso.com\/es\/producto\/anchova-pomatomus-saltatrix\/#webpage\",\"url\":\"https:\/\/www.lurdesnarciso.com\/es\/producto\/anchova-pomatomus-saltatrix\/\",\"name\":\"ANCHOA (Pomatomus saltatrix) - Lurdes Narciso, LDA\",\"isPartOf\":{\"@id\":\"https:\/\/www.lurdesnarciso.com\/fr\/#website\"},\"primaryImageOfPage\":{\"@id\":\"https:\/\/www.lurdesnarciso.com\/es\/producto\/anchova-pomatomus-saltatrix\/#primaryimage\"},\"datePublished\":\"2017-01-19T09:34:36+00:00\",\"dateModified\":\"2022-10-20T15:08:42+00:00\",\"inLanguage\":\"es\",\"potentialAction\":[{\"@type\":\"ReadAction\",\"target\":[\"https:\/\/www.lurdesnarciso.com\/es\/producto\/anchova-pomatomus-saltatrix\/\"]}]}]}<\/script>\n<!-- \/ Yoast SEO plugin. -->","_links":{"self":[{"href":"https:\/\/www.lurdesnarciso.com\/es\/wp-json\/wp\/v2\/product\/2478"}],"collection":[{"href":"https:\/\/www.lurdesnarciso.com\/es\/wp-json\/wp\/v2\/product"}],"about":[{"href":"https:\/\/www.lurdesnarciso.com\/es\/wp-json\/wp\/v2\/types\/product"}],"wp:featuredmedia":[{"embeddable":true,"href":"https:\/\/www.lurdesnarciso.com\/es\/wp-json\/wp\/v2\/media\/4191"}],"wp:attachment":[{"href":"https:\/\/www.lurdesnarciso.com\/es\/wp-json\/wp\/v2\/media?parent=2478"}],"curies":[{"name":"wp","href":"https:\/\/api.w.org\/{rel}","templated":true}]}}