{"id":2456,"date":"2021-01-21T11:30:49","date_gmt":"2021-01-21T11:30:49","guid":{"rendered":"https:\/\/www.lurdesnarciso.com\/produto\/lagosta-palinurus-elephas\/"},"modified":"2022-10-20T12:02:43","modified_gmt":"2022-10-20T12:02:43","slug":"lagosta-palinurus-elephas","status":"publish","type":"product","link":"https:\/\/www.lurdesnarciso.com\/es\/producto\/lagosta-palinurus-elephas\/","title":{"rendered":"LANGOSTA (Palinurus elephas)"},"content":{"rendered":"<p><strong>Arte de pesca principal<\/strong>: trampas.<\/p>\n<p><strong>Estado de conservaci\u00f3n<\/strong>: tama\u00f1o m\u00ednimo de captura de 9,5 cm (longitud del caparaz\u00f3n). Veda entre el 1 de enero y el 31 de marzo para las mujeres y del 1 de octubre al 31 de diciembre para ambos sexos.<\/p>\n<p><strong>Ficha t\u00e9cnica: <a href=\"https:\/\/www.lurdesnarciso.com\/wp-content\/uploads\/2021\/01\/Ficha-tecnica-Lagosta.pdf\">Ficha t\u00e9cnica (Lagosta)<\/a><\/strong><\/p>\n","protected":false},"excerpt":{"rendered":"<p>Arte de pesca principal: trampas. Estado de conservaci\u00f3n: tama\u00f1o m\u00ednimo de captura de 9,5 cm (longitud del caparaz\u00f3n). Veda entre el 1 de enero y el 31 de marzo para las mujeres y del 1 de octubre al 31 de diciembre para ambos sexos. Ficha t\u00e9cnica: Ficha t\u00e9cnica (Lagosta)<\/p>\n","protected":false},"featured_media":1915,"template":"","meta":[],"yoast_head":"<!-- This site is optimized with the Yoast SEO plugin v15.4 - https:\/\/yoast.com\/wordpress\/plugins\/seo\/ -->\n<meta name=\"robots\" content=\"index, follow, max-snippet:-1, max-image-preview:large, max-video-preview:-1\" \/>\n<link rel=\"canonical\" href=\"https:\/\/www.lurdesnarciso.com\/es\/producto\/lagosta-palinurus-elephas\/\" \/>\n<meta property=\"og:locale\" content=\"es_ES\" \/>\n<meta property=\"og:type\" content=\"article\" \/>\n<meta property=\"og:title\" content=\"LANGOSTA (Palinurus elephas) - Lurdes Narciso, LDA\" \/>\n<meta property=\"og:description\" content=\"Arte de pesca principal: trampas. Estado de conservaci\u00f3n: tama\u00f1o m\u00ednimo de captura de 9,5 cm (longitud del caparaz\u00f3n). Veda entre el 1 de enero y el 31 de marzo para las mujeres y del 1 de octubre al 31 de diciembre para ambos sexos. Ficha t\u00e9cnica: Ficha t\u00e9cnica (Lagosta)\" \/>\n<meta property=\"og:url\" content=\"https:\/\/www.lurdesnarciso.com\/es\/producto\/lagosta-palinurus-elephas\/\" \/>\n<meta property=\"og:site_name\" content=\"Lurdes Narciso, LDA\" \/>\n<meta property=\"article:modified_time\" content=\"2022-10-20T12:02:43+00:00\" \/>\n<meta property=\"og:image\" content=\"https:\/\/www.lurdesnarciso.com\/wp-content\/uploads\/2021\/01\/Lagosta.png\" \/>\n\t<meta property=\"og:image:width\" content=\"340\" \/>\n\t<meta property=\"og:image:height\" content=\"284\" \/>\n<meta name=\"twitter:card\" content=\"summary_large_image\" \/>\n<meta name=\"twitter:label1\" content=\"Escrito por\">\n\t<meta name=\"twitter:data1\" content=\"Lurdes Narciso\">\n\t<meta name=\"twitter:label2\" content=\"Tiempo de lectura\">\n\t<meta name=\"twitter:data2\" content=\"0 minutos\">\n<script type=\"application\/ld+json\" class=\"yoast-schema-graph\">{\"@context\":\"https:\/\/schema.org\",\"@graph\":[{\"@type\":\"WebSite\",\"@id\":\"https:\/\/www.lurdesnarciso.com\/fr\/#website\",\"url\":\"https:\/\/www.lurdesnarciso.com\/fr\/\",\"name\":\"Lurdes Narciso, LDA\",\"description\":\"Fish from Atlantic Ocean\",\"potentialAction\":[{\"@type\":\"SearchAction\",\"target\":\"https:\/\/www.lurdesnarciso.com\/fr\/?s={search_term_string}\",\"query-input\":\"required name=search_term_string\"}],\"inLanguage\":\"es\"},{\"@type\":\"ImageObject\",\"@id\":\"https:\/\/www.lurdesnarciso.com\/es\/producto\/lagosta-palinurus-elephas\/#primaryimage\",\"inLanguage\":\"es\",\"url\":\"https:\/\/www.lurdesnarciso.com\/wp-content\/uploads\/2021\/01\/Lagosta.png\",\"width\":340,\"height\":284},{\"@type\":\"WebPage\",\"@id\":\"https:\/\/www.lurdesnarciso.com\/es\/producto\/lagosta-palinurus-elephas\/#webpage\",\"url\":\"https:\/\/www.lurdesnarciso.com\/es\/producto\/lagosta-palinurus-elephas\/\",\"name\":\"LANGOSTA (Palinurus elephas) - Lurdes Narciso, LDA\",\"isPartOf\":{\"@id\":\"https:\/\/www.lurdesnarciso.com\/fr\/#website\"},\"primaryImageOfPage\":{\"@id\":\"https:\/\/www.lurdesnarciso.com\/es\/producto\/lagosta-palinurus-elephas\/#primaryimage\"},\"datePublished\":\"2021-01-21T11:30:49+00:00\",\"dateModified\":\"2022-10-20T12:02:43+00:00\",\"inLanguage\":\"es\",\"potentialAction\":[{\"@type\":\"ReadAction\",\"target\":[\"https:\/\/www.lurdesnarciso.com\/es\/producto\/lagosta-palinurus-elephas\/\"]}]}]}<\/script>\n<!-- \/ Yoast SEO plugin. -->","_links":{"self":[{"href":"https:\/\/www.lurdesnarciso.com\/es\/wp-json\/wp\/v2\/product\/2456"}],"collection":[{"href":"https:\/\/www.lurdesnarciso.com\/es\/wp-json\/wp\/v2\/product"}],"about":[{"href":"https:\/\/www.lurdesnarciso.com\/es\/wp-json\/wp\/v2\/types\/product"}],"wp:featuredmedia":[{"embeddable":true,"href":"https:\/\/www.lurdesnarciso.com\/es\/wp-json\/wp\/v2\/media\/1915"}],"wp:attachment":[{"href":"https:\/\/www.lurdesnarciso.com\/es\/wp-json\/wp\/v2\/media?parent=2456"}],"curies":[{"name":"wp","href":"https:\/\/api.w.org\/{rel}","templated":true}]}}