{"id":2442,"date":"2021-01-21T11:36:58","date_gmt":"2021-01-21T11:36:58","guid":{"rendered":"https:\/\/www.lurdesnarciso.com\/produto\/pargo-pagrus-pagrus\/"},"modified":"2022-10-20T10:35:38","modified_gmt":"2022-10-20T10:35:38","slug":"pargo-pagrus-pagrus","status":"publish","type":"product","link":"https:\/\/www.lurdesnarciso.com\/es\/producto\/pargo-pagrus-pagrus\/","title":{"rendered":"PARGO (Pagrus pagrus)"},"content":{"rendered":"<p><strong>Arte de pesca principal:<\/strong> l\u00ednea de mano y palangre de fondo.<\/p>\n<p><strong>Estado de conservaci\u00f3n:<\/strong> el estado de la poblaci\u00f3n local de pargo parece relativamente saludable. El tama\u00f1o comercial m\u00ednimo de la especie es de 20 cm.<\/p>\n<p><span style=\"color: #1d1d1d;\"><b>\u00a0Ficha t\u00e9cnica: <a href=\"https:\/\/www.lurdesnarciso.com\/wp-content\/uploads\/2021\/01\/Ficha-tecnica-Pargo.pdf\">Ficha t\u00e9cnica (Pargo)<\/a><\/b><\/span><\/p>\n<p>&nbsp;<\/p>\n","protected":false},"excerpt":{"rendered":"<p>Arte de pesca principal: l\u00ednea de mano y palangre de fondo. Estado de conservaci\u00f3n: el estado de la poblaci\u00f3n local de pargo parece relativamente saludable. El tama\u00f1o comercial m\u00ednimo de la especie es de 20 cm. \u00a0Ficha t\u00e9cnica: Ficha t\u00e9cnica (Pargo) &nbsp;<\/p>\n","protected":false},"featured_media":4248,"template":"","meta":[],"yoast_head":"<!-- This site is optimized with the Yoast SEO plugin v15.4 - https:\/\/yoast.com\/wordpress\/plugins\/seo\/ -->\n<meta name=\"robots\" content=\"index, follow, max-snippet:-1, max-image-preview:large, max-video-preview:-1\" \/>\n<link rel=\"canonical\" href=\"https:\/\/www.lurdesnarciso.com\/es\/producto\/pargo-pagrus-pagrus\/\" \/>\n<meta property=\"og:locale\" content=\"es_ES\" \/>\n<meta property=\"og:type\" content=\"article\" \/>\n<meta property=\"og:title\" content=\"PARGO (Pagrus pagrus) - Lurdes Narciso, LDA\" \/>\n<meta property=\"og:description\" content=\"Arte de pesca principal: l\u00ednea de mano y palangre de fondo. Estado de conservaci\u00f3n: el estado de la poblaci\u00f3n local de pargo parece relativamente saludable. El tama\u00f1o comercial m\u00ednimo de la especie es de 20 cm. \u00a0Ficha t\u00e9cnica: Ficha t\u00e9cnica (Pargo) &nbsp;\" \/>\n<meta property=\"og:url\" content=\"https:\/\/www.lurdesnarciso.com\/es\/producto\/pargo-pagrus-pagrus\/\" \/>\n<meta property=\"og:site_name\" content=\"Lurdes Narciso, LDA\" \/>\n<meta property=\"article:modified_time\" content=\"2022-10-20T10:35:38+00:00\" \/>\n<meta property=\"og:image\" content=\"https:\/\/www.lurdesnarciso.com\/wp-content\/uploads\/2021\/01\/Pargo.png\" \/>\n\t<meta property=\"og:image:width\" content=\"340\" \/>\n\t<meta property=\"og:image:height\" content=\"284\" \/>\n<meta name=\"twitter:card\" content=\"summary_large_image\" \/>\n<meta name=\"twitter:label1\" content=\"Escrito por\">\n\t<meta name=\"twitter:data1\" content=\"Lurdes Narciso\">\n\t<meta name=\"twitter:label2\" content=\"Tiempo de lectura\">\n\t<meta name=\"twitter:data2\" content=\"0 minutos\">\n<script type=\"application\/ld+json\" class=\"yoast-schema-graph\">{\"@context\":\"https:\/\/schema.org\",\"@graph\":[{\"@type\":\"WebSite\",\"@id\":\"https:\/\/www.lurdesnarciso.com\/fr\/#website\",\"url\":\"https:\/\/www.lurdesnarciso.com\/fr\/\",\"name\":\"Lurdes Narciso, LDA\",\"description\":\"Fish from Atlantic Ocean\",\"potentialAction\":[{\"@type\":\"SearchAction\",\"target\":\"https:\/\/www.lurdesnarciso.com\/fr\/?s={search_term_string}\",\"query-input\":\"required name=search_term_string\"}],\"inLanguage\":\"es\"},{\"@type\":\"ImageObject\",\"@id\":\"https:\/\/www.lurdesnarciso.com\/es\/producto\/pargo-pagrus-pagrus\/#primaryimage\",\"inLanguage\":\"es\",\"url\":\"https:\/\/www.lurdesnarciso.com\/wp-content\/uploads\/2021\/01\/Pargo-PNG.png\",\"width\":340,\"height\":284},{\"@type\":\"WebPage\",\"@id\":\"https:\/\/www.lurdesnarciso.com\/es\/producto\/pargo-pagrus-pagrus\/#webpage\",\"url\":\"https:\/\/www.lurdesnarciso.com\/es\/producto\/pargo-pagrus-pagrus\/\",\"name\":\"PARGO (Pagrus pagrus) - Lurdes Narciso, LDA\",\"isPartOf\":{\"@id\":\"https:\/\/www.lurdesnarciso.com\/fr\/#website\"},\"primaryImageOfPage\":{\"@id\":\"https:\/\/www.lurdesnarciso.com\/es\/producto\/pargo-pagrus-pagrus\/#primaryimage\"},\"datePublished\":\"2021-01-21T11:36:58+00:00\",\"dateModified\":\"2022-10-20T10:35:38+00:00\",\"inLanguage\":\"es\",\"potentialAction\":[{\"@type\":\"ReadAction\",\"target\":[\"https:\/\/www.lurdesnarciso.com\/es\/producto\/pargo-pagrus-pagrus\/\"]}]}]}<\/script>\n<!-- \/ Yoast SEO plugin. -->","_links":{"self":[{"href":"https:\/\/www.lurdesnarciso.com\/es\/wp-json\/wp\/v2\/product\/2442"}],"collection":[{"href":"https:\/\/www.lurdesnarciso.com\/es\/wp-json\/wp\/v2\/product"}],"about":[{"href":"https:\/\/www.lurdesnarciso.com\/es\/wp-json\/wp\/v2\/types\/product"}],"wp:featuredmedia":[{"embeddable":true,"href":"https:\/\/www.lurdesnarciso.com\/es\/wp-json\/wp\/v2\/media\/4248"}],"wp:attachment":[{"href":"https:\/\/www.lurdesnarciso.com\/es\/wp-json\/wp\/v2\/media?parent=2442"}],"curies":[{"name":"wp","href":"https:\/\/api.w.org\/{rel}","templated":true}]}}