{"id":2431,"date":"2021-01-21T11:42:16","date_gmt":"2021-01-21T11:42:16","guid":{"rendered":"https:\/\/www.lurdesnarciso.com\/produto\/polvo-octopus-vulgaris\/"},"modified":"2022-10-19T14:18:51","modified_gmt":"2022-10-19T14:18:51","slug":"polvo-octopus-vulgaris","status":"publish","type":"product","link":"https:\/\/www.lurdesnarciso.com\/es\/producto\/polvo-octopus-vulgaris\/","title":{"rendered":"PULPO (Octopus vulgaris)"},"content":{"rendered":"<p><strong>Arte de pesca principal:<\/strong> captura manual, heridas y trampas.<\/p>\n<p><strong>Estado de conservaci\u00f3n:<\/strong> la especie tiene un peso m\u00ednimo de captura de 750 g.<\/p>\n<p><strong>Ficha t\u00e9cnica: <a href=\"https:\/\/www.lurdesnarciso.com\/wp-content\/uploads\/2021\/01\/Ficha-tecnica-Polvo.pdf\">Ficha t\u00e9cnica (Polvo)<\/a><\/strong><\/p>\n","protected":false},"excerpt":{"rendered":"<p>Arte de pesca principal: captura manual, heridas y trampas. Estado de conservaci\u00f3n: la especie tiene un peso m\u00ednimo de captura de 750 g. Ficha t\u00e9cnica: Ficha t\u00e9cnica (Polvo)<\/p>\n","protected":false},"featured_media":4009,"template":"","meta":[],"yoast_head":"<!-- This site is optimized with the Yoast SEO plugin v15.4 - https:\/\/yoast.com\/wordpress\/plugins\/seo\/ -->\n<meta name=\"robots\" content=\"index, follow, max-snippet:-1, max-image-preview:large, max-video-preview:-1\" \/>\n<link rel=\"canonical\" href=\"https:\/\/www.lurdesnarciso.com\/es\/producto\/polvo-octopus-vulgaris\/\" \/>\n<meta property=\"og:locale\" content=\"es_ES\" \/>\n<meta property=\"og:type\" content=\"article\" \/>\n<meta property=\"og:title\" content=\"PULPO (Octopus vulgaris) - Lurdes Narciso, LDA\" \/>\n<meta property=\"og:description\" content=\"Arte de pesca principal: captura manual, heridas y trampas. Estado de conservaci\u00f3n: la especie tiene un peso m\u00ednimo de captura de 750 g. Ficha t\u00e9cnica: Ficha t\u00e9cnica (Polvo)\" \/>\n<meta property=\"og:url\" content=\"https:\/\/www.lurdesnarciso.com\/es\/producto\/polvo-octopus-vulgaris\/\" \/>\n<meta property=\"og:site_name\" content=\"Lurdes Narciso, LDA\" \/>\n<meta property=\"article:modified_time\" content=\"2022-10-19T14:18:51+00:00\" \/>\n<meta property=\"og:image\" content=\"https:\/\/www.lurdesnarciso.com\/wp-content\/uploads\/2021\/01\/0000049_polvo-vulgar_510.png\" \/>\n\t<meta property=\"og:image:width\" content=\"510\" \/>\n\t<meta property=\"og:image:height\" content=\"510\" \/>\n<meta name=\"twitter:card\" content=\"summary_large_image\" \/>\n<meta name=\"twitter:label1\" content=\"Escrito por\">\n\t<meta name=\"twitter:data1\" content=\"Lurdes Narciso\">\n\t<meta name=\"twitter:label2\" content=\"Tiempo de lectura\">\n\t<meta name=\"twitter:data2\" content=\"0 minutos\">\n<script type=\"application\/ld+json\" class=\"yoast-schema-graph\">{\"@context\":\"https:\/\/schema.org\",\"@graph\":[{\"@type\":\"WebSite\",\"@id\":\"https:\/\/www.lurdesnarciso.com\/fr\/#website\",\"url\":\"https:\/\/www.lurdesnarciso.com\/fr\/\",\"name\":\"Lurdes Narciso, LDA\",\"description\":\"Fish from Atlantic Ocean\",\"potentialAction\":[{\"@type\":\"SearchAction\",\"target\":\"https:\/\/www.lurdesnarciso.com\/fr\/?s={search_term_string}\",\"query-input\":\"required name=search_term_string\"}],\"inLanguage\":\"es\"},{\"@type\":\"ImageObject\",\"@id\":\"https:\/\/www.lurdesnarciso.com\/es\/producto\/polvo-octopus-vulgaris\/#primaryimage\",\"inLanguage\":\"es\",\"url\":\"https:\/\/www.lurdesnarciso.com\/wp-content\/uploads\/2021\/01\/polvo-1.png\",\"width\":550,\"height\":383},{\"@type\":\"WebPage\",\"@id\":\"https:\/\/www.lurdesnarciso.com\/es\/producto\/polvo-octopus-vulgaris\/#webpage\",\"url\":\"https:\/\/www.lurdesnarciso.com\/es\/producto\/polvo-octopus-vulgaris\/\",\"name\":\"PULPO (Octopus vulgaris) - Lurdes Narciso, LDA\",\"isPartOf\":{\"@id\":\"https:\/\/www.lurdesnarciso.com\/fr\/#website\"},\"primaryImageOfPage\":{\"@id\":\"https:\/\/www.lurdesnarciso.com\/es\/producto\/polvo-octopus-vulgaris\/#primaryimage\"},\"datePublished\":\"2021-01-21T11:42:16+00:00\",\"dateModified\":\"2022-10-19T14:18:51+00:00\",\"inLanguage\":\"es\",\"potentialAction\":[{\"@type\":\"ReadAction\",\"target\":[\"https:\/\/www.lurdesnarciso.com\/es\/producto\/polvo-octopus-vulgaris\/\"]}]}]}<\/script>\n<!-- \/ Yoast SEO plugin. -->","_links":{"self":[{"href":"https:\/\/www.lurdesnarciso.com\/es\/wp-json\/wp\/v2\/product\/2431"}],"collection":[{"href":"https:\/\/www.lurdesnarciso.com\/es\/wp-json\/wp\/v2\/product"}],"about":[{"href":"https:\/\/www.lurdesnarciso.com\/es\/wp-json\/wp\/v2\/types\/product"}],"wp:featuredmedia":[{"embeddable":true,"href":"https:\/\/www.lurdesnarciso.com\/es\/wp-json\/wp\/v2\/media\/4009"}],"wp:attachment":[{"href":"https:\/\/www.lurdesnarciso.com\/es\/wp-json\/wp\/v2\/media?parent=2431"}],"curies":[{"name":"wp","href":"https:\/\/api.w.org\/{rel}","templated":true}]}}