{"id":2428,"date":"2021-01-21T11:44:06","date_gmt":"2021-01-21T11:44:06","guid":{"rendered":"https:\/\/www.lurdesnarciso.com\/produto\/rinquim-isurus-oxyrinchus\/"},"modified":"2022-10-19T13:59:04","modified_gmt":"2022-10-19T13:59:04","slug":"rinquim-isurus-oxyrinchus","status":"publish","type":"product","link":"https:\/\/www.lurdesnarciso.com\/es\/producto\/rinquim-isurus-oxyrinchus\/","title":{"rendered":"RINQUIM (Isurus oxyrinchus)"},"content":{"rendered":"<p><strong>Arte de pesca principal:<\/strong> palangre de deriva de superficie.<\/p>\n<p><strong>Estado de conservaci\u00f3n:<\/strong> el riquim figura en la Lista Roja de la UICN como amenazado en el Atl\u00e1ntico norte. El estado de conservaci\u00f3n de la especie se considera preocupante.<\/p>\n<p><strong>Ficha t\u00e9cnica: <a href=\"https:\/\/www.lurdesnarciso.com\/wp-content\/uploads\/2021\/01\/Ficha-tecnica-Rinquim.pdf\">Ficha t\u00e9cnica (Rinquim)<\/a><\/strong><\/p>\n<p>&nbsp;<\/p>\n","protected":false},"excerpt":{"rendered":"<p>Arte de pesca principal: palangre de deriva de superficie. Estado de conservaci\u00f3n: el riquim figura en la Lista Roja de la UICN como amenazado en el Atl\u00e1ntico norte. El estado de conservaci\u00f3n de la especie se considera preocupante. Ficha t\u00e9cnica: Ficha t\u00e9cnica (Rinquim) &nbsp;<\/p>\n","protected":false},"featured_media":3999,"template":"","meta":[],"yoast_head":"<!-- This site is optimized with the Yoast SEO plugin v15.4 - https:\/\/yoast.com\/wordpress\/plugins\/seo\/ -->\n<meta name=\"robots\" content=\"index, follow, max-snippet:-1, max-image-preview:large, max-video-preview:-1\" \/>\n<link rel=\"canonical\" href=\"https:\/\/www.lurdesnarciso.com\/es\/producto\/rinquim-isurus-oxyrinchus\/\" \/>\n<meta property=\"og:locale\" content=\"es_ES\" \/>\n<meta property=\"og:type\" content=\"article\" \/>\n<meta property=\"og:title\" content=\"RINQUIM (Isurus oxyrinchus) - Lurdes Narciso, LDA\" \/>\n<meta property=\"og:description\" content=\"Arte de pesca principal: palangre de deriva de superficie. Estado de conservaci\u00f3n: el riquim figura en la Lista Roja de la UICN como amenazado en el Atl\u00e1ntico norte. El estado de conservaci\u00f3n de la especie se considera preocupante. Ficha t\u00e9cnica: Ficha t\u00e9cnica (Rinquim) &nbsp;\" \/>\n<meta property=\"og:url\" content=\"https:\/\/www.lurdesnarciso.com\/es\/producto\/rinquim-isurus-oxyrinchus\/\" \/>\n<meta property=\"og:site_name\" content=\"Lurdes Narciso, LDA\" \/>\n<meta property=\"article:modified_time\" content=\"2022-10-19T13:59:04+00:00\" \/>\n<meta property=\"og:image\" content=\"https:\/\/www.lurdesnarciso.com\/wp-content\/uploads\/2021\/01\/rinquim.jpg\" \/>\n\t<meta property=\"og:image:width\" content=\"640\" \/>\n\t<meta property=\"og:image:height\" content=\"205\" \/>\n<meta name=\"twitter:card\" content=\"summary_large_image\" \/>\n<meta name=\"twitter:label1\" content=\"Escrito por\">\n\t<meta name=\"twitter:data1\" content=\"Lurdes Narciso\">\n\t<meta name=\"twitter:label2\" content=\"Tiempo de lectura\">\n\t<meta name=\"twitter:data2\" content=\"0 minutos\">\n<script type=\"application\/ld+json\" class=\"yoast-schema-graph\">{\"@context\":\"https:\/\/schema.org\",\"@graph\":[{\"@type\":\"WebSite\",\"@id\":\"https:\/\/www.lurdesnarciso.com\/fr\/#website\",\"url\":\"https:\/\/www.lurdesnarciso.com\/fr\/\",\"name\":\"Lurdes Narciso, LDA\",\"description\":\"Fish from Atlantic Ocean\",\"potentialAction\":[{\"@type\":\"SearchAction\",\"target\":\"https:\/\/www.lurdesnarciso.com\/fr\/?s={search_term_string}\",\"query-input\":\"required name=search_term_string\"}],\"inLanguage\":\"es\"},{\"@type\":\"ImageObject\",\"@id\":\"https:\/\/www.lurdesnarciso.com\/es\/producto\/rinquim-isurus-oxyrinchus\/#primaryimage\",\"inLanguage\":\"es\",\"url\":\"https:\/\/www.lurdesnarciso.com\/wp-content\/uploads\/2021\/01\/riquim-desenho.jpeg\",\"width\":1200,\"height\":693},{\"@type\":\"WebPage\",\"@id\":\"https:\/\/www.lurdesnarciso.com\/es\/producto\/rinquim-isurus-oxyrinchus\/#webpage\",\"url\":\"https:\/\/www.lurdesnarciso.com\/es\/producto\/rinquim-isurus-oxyrinchus\/\",\"name\":\"RINQUIM (Isurus oxyrinchus) - Lurdes Narciso, LDA\",\"isPartOf\":{\"@id\":\"https:\/\/www.lurdesnarciso.com\/fr\/#website\"},\"primaryImageOfPage\":{\"@id\":\"https:\/\/www.lurdesnarciso.com\/es\/producto\/rinquim-isurus-oxyrinchus\/#primaryimage\"},\"datePublished\":\"2021-01-21T11:44:06+00:00\",\"dateModified\":\"2022-10-19T13:59:04+00:00\",\"inLanguage\":\"es\",\"potentialAction\":[{\"@type\":\"ReadAction\",\"target\":[\"https:\/\/www.lurdesnarciso.com\/es\/producto\/rinquim-isurus-oxyrinchus\/\"]}]}]}<\/script>\n<!-- \/ Yoast SEO plugin. -->","_links":{"self":[{"href":"https:\/\/www.lurdesnarciso.com\/es\/wp-json\/wp\/v2\/product\/2428"}],"collection":[{"href":"https:\/\/www.lurdesnarciso.com\/es\/wp-json\/wp\/v2\/product"}],"about":[{"href":"https:\/\/www.lurdesnarciso.com\/es\/wp-json\/wp\/v2\/types\/product"}],"wp:featuredmedia":[{"embeddable":true,"href":"https:\/\/www.lurdesnarciso.com\/es\/wp-json\/wp\/v2\/media\/3999"}],"wp:attachment":[{"href":"https:\/\/www.lurdesnarciso.com\/es\/wp-json\/wp\/v2\/media?parent=2428"}],"curies":[{"name":"wp","href":"https:\/\/api.w.org\/{rel}","templated":true}]}}