{"id":1683,"date":"2020-10-02T11:16:40","date_gmt":"2020-10-02T11:16:40","guid":{"rendered":"https:\/\/www.lurdesnarciso.com\/politica-de-privacidade\/"},"modified":"2021-03-11T13:06:29","modified_gmt":"2021-03-11T13:06:29","slug":"politica-de-privacidad","status":"publish","type":"page","link":"https:\/\/www.lurdesnarciso.com\/es\/politica-de-privacidad\/","title":{"rendered":"Pol\u00edtica de privacidad"},"content":{"rendered":"<p>[vc_row][vc_column][vc_column_text]<\/p>\n<h3 style=\"text-align: left\">RGPD &#8211; R\u00e9gimen general de protecci\u00f3n de datos<br \/>\nPol\u00edtica de privacidad | Condiciones de uso &amp; Usar<\/h3>\n<p>&nbsp;<\/p>\n<p><strong>DECLARACI\u00d3N Y CONSENTIMIENTO <\/strong>A LA <strong>POL\u00cdTICA DE PRIVACIDAD<\/strong><\/p>\n<p>Al aceptar esta Pol\u00edtica de privacidad, usted autoriza a Lurdes Narciso Lda, persona jur\u00eddica n\u00famero 512067716, con sede en Canad\u00e1 do Fisher Armaz\u00e9m 9, 9560-119 Ros\u00e1rio &#8211; Lagoa, S. Miguel &#8211; A\u00e7ores, para procesar sus datos personales presentes en su formulario de registro, de los que confirma ser titular, as\u00ed como de los datos relacionados con su relaci\u00f3n comercial y contractual, y su respectiva gesti\u00f3n, en los t\u00e9rminos de esta Pol\u00edtica de Privacidad.<\/p>\n<p>&nbsp;<\/p>\n<p>Adem\u00e1s declara:<\/p>\n<ol>\n<li>ser consciente y plenamente informado de que el tratamiento de sus datos personales incluye todas las operaciones que se realicen sobre los datos transmitidos por usted, automatizadas o no, con la finalidad de: &#8211; mejorar el funcionamiento y la funcionalidad del sitio web de la empresa Lurdes Narciso Lda, (incluso en los casos en que sus datos ser\u00e1n agregados y tratados de forma estad\u00edstica, sin ser identificables por ning\u00fan tercero a quien se proporcionen);<br \/>\n&#8211; mejorar y personalizar los servicios que se le brindan;<br \/>\n&#8211; contactarlo por correo electr\u00f3nico, mensajes escritos o por tel\u00e9fono para &#8211; enviar informaci\u00f3n o actualizaciones sobre sus transacciones y pedidos, as\u00ed como informaci\u00f3n sobre nuevos productos o servicios;<br \/>\n&#8211; interactuar con usted en las plataformas de redes sociales;<\/li>\n<li>aceptar y consentir el uso y reproducci\u00f3n libre, por parte de Lurdes Narciso Lda, de su contenido disponible p\u00fablicamente y \/ o publicado en plataformas de redes sociales en las que se haya mencionado expl\u00edcita y espec\u00edficamente el \u00abhashtag\u00bb lurdesnarciso, nuestras marcas, productos o servicios;<\/li>\n<li>tenga conocimiento de que, en los t\u00e9rminos de la legislaci\u00f3n aplicable, podr\u00e1 oponerse, limitar, subsanar o solicitar la supresi\u00f3n en relaci\u00f3n al tratamiento de sus datos para una o algunas de las finalidades descritas anteriormente, mediante el env\u00edo de una solicitud al siguiente correo electr\u00f3nico: geral@lurdesnarciso.com, adem\u00e1s de tener derecho a presentar una denuncia ante las autoridades competentes;<\/li>\n<li>proporcionar este consentimiento libre y voluntariamente y tener 16 a\u00f1os de edad o m\u00e1s.<br \/>\n<strong><strong>POL\u00cdTICA DE PRIVACIDAD<\/strong><\/strong><\/li>\n<\/ol>\n<p>En Lurdes Narciso Lda, consideramos su privacidad un asunto serio. Estamos comprometidos a maximizar su experiencia con nuestro sitio web y plataformas de redes sociales, en un entorno seguro.<br \/>\nEs nuestra pol\u00edtica tratar sus datos personales con discreci\u00f3n y protegerlos. Esta Pol\u00edtica de privacidad explica c\u00f3mo recopilamos, protegemos, usamos y compartimos informaci\u00f3n sobre usted, en l\u00ednea y fuera de l\u00ednea, con la esperanza de brindarle una mayor confianza en Lurdes Narciso Lda y mejorar su experiencia con nosotros.<\/p>\n<p>Tenga en cuenta que esta Pol\u00edtica de privacidad se aplica solo a la informaci\u00f3n recopilada por Lurdes Narciso Lda y no se extiende a la informaci\u00f3n que pueda haber enviado en otros sitios web o plataformas sociales administradas para otras entidades u organizaciones a las que podamos hacer referencia. Esta pol\u00edtica de privacidad solo cubre este sitio web. Lea atentamente los siguientes t\u00e9rminos.<\/p>\n<p>&nbsp;<\/p>\n<ol>\n<li><strong>Tu informaci\u00f3n<\/strong><\/li>\n<\/ol>\n<p>Lurdes Narciso Lda se compromete a tratar sus datos personales de acuerdo con el Reglamento Europeo (UE) 2016\/679 del Parlamento Europeo y del Consejo, de 27 de abril de 2016, sobre la protecci\u00f3n de las personas en lo que respecta al tratamiento de datos personales y la libre movimiento de dichos datos y deroga la Directiva 95\/46\/CE (Reglamento general de protecci\u00f3n de datos).<br \/>\nEste sitio no recopila informaci\u00f3n personal sobre usted, a menos que usted nos la proporcione voluntariamente. Esto significa que no sabremos su nombre, su direcci\u00f3n de correo electr\u00f3nico o cualquier otra informaci\u00f3n personal solo porque haya navegado por este sitio.<\/p>\n<p>Solo recopilamos sus datos cuando completa una cotizaci\u00f3n en l\u00ednea o un formulario de solicitud de contacto. Es posible que se le solicite que ingrese su nombre, contacto telef\u00f3nico, direcci\u00f3n de correo electr\u00f3nico y otra informaci\u00f3n relevante.<\/p>\n<p>Tenga en cuenta que al proporcionarnos informaci\u00f3n personal sobre usted seg\u00fan los t\u00e9rminos descritos en esta pol\u00edtica de privacidad, nos est\u00e1 dando su consentimiento para que la usemos para los fines mencionados aqu\u00ed.<\/p>\n<p>&nbsp;<\/p>\n<ol start=\"2\">\n<li><strong>Uso de sus datos<\/strong><\/li>\n<\/ol>\n<p>Cualquiera de los datos que proporcione se puede utilizar de las siguientes formas:<\/p>\n<ul>\n<li>personalice su experiencia con nosotros<\/li>\n<li>para mejorar nuestro sitio web en los servicios y recursos disponibles<\/li>\n<li>mejorar nuestro servicio al cliente en general<\/li>\n<li>ponerse en contacto contigo<\/li>\n<li>administrar un concurso, promoci\u00f3n, encuesta u otro recurso<\/li>\n<\/ul>\n<p>&nbsp;<\/p>\n<p>OSus datos, ya sean p\u00fablicos o privados, no ser\u00e1n vendidos, intercambiados, cedidos o cedidos a ninguna otra empresa ajena a Lurdes Narciso Lda, por ning\u00fan motivo, sin su consentimiento.<\/p>\n<p>Podemos usar y proporcionar informaci\u00f3n y estad\u00edsticas agregadas a terceros para monitorear el uso de nuestro sitio web, con el fin de ayudarnos a desarrollarlo y nuestros servicios. Los datos utilizados no deben incluir informaci\u00f3n que pueda utilizarse para identificar a cualquier individuo.<\/p>\n<p>Los datos de contacto que proporciones se pueden utilizar para enviar informaci\u00f3n y actualizaciones relacionadas con tus pedidos, adem\u00e1s de recibir actualizaciones ocasionales de Lurdes Narciso Lda e informaci\u00f3n sobre productos o servicios relacionados.<\/p>\n<p>Es posible que nos comuniquemos con usted por correo electr\u00f3nico o por tel\u00e9fono para solicitar sus comentarios sobre nuestros productos y servicios.<\/p>\n<p>Nota: Si, en cualquier momento, desea darse de baja de futuros correos electr\u00f3nicos, incluiremos instrucciones detalladas para darse de baja en la parte inferior de cada correo electr\u00f3nico.<\/p>\n<p>Lurdes Narciso Lda almacena los datos de sus usuarios en sus servidores ubicados en Portugal y Espa\u00f1a. Estos servidores est\u00e1n protegidos y mantenidos de acuerdo con los m\u00e1s altos est\u00e1ndares de seguridad y con el fin de respetar las leyes de privacidad aplicables.<\/p>\n<p>&nbsp;<\/p>\n<ol start=\"3\">\n<li><strong>Protecci\u00f3n de su informaci\u00f3n<\/strong><\/li>\n<\/ol>\n<p>Seguimos los est\u00e1ndares de la industria para proteger sus datos durante la transmisi\u00f3n y, una vez recibidos, hemos implementado varias medidas para mantener la seguridad de los datos personales que nos ha transmitido.<\/p>\n<p>SIN EMBARGO, DEBE TENER EN CUENTA QUE NING\u00daN M\u00c9TODO DE TRANSMISI\u00d3N O ALMACENAMIENTO ELECTR\u00d3NICO ES 100% SEGURO.<\/p>\n<p>POR LO TANTO, EN LA MEDIDA M\u00c1XIMA PERMITIDA POR LA LEY, NO PODEMOS SER RESPONSABLES DE NING\u00daN RECLAMO. P\u00c9RDIDAS Y DA\u00d1OS, INCLUYENDO, SIN LIMITACI\u00d3N, P\u00c9RDIDAS O DA\u00d1OS DIRECTOS, INDIRECTOS, ESPECIALES, PUNITIVOS, INCIDENTALES O CONSECUENTES QUE HAYAN INCURRIDO POR USTED O CUALQUIER USUARIO RELACIONADOS CON FRAUDE, RIESGOS O CUALQUIER OTRA INFRACCI\u00d3N QUE SEA INFRACCI\u00d3N O CUALQUIER INFRACCI\u00d3N CUALQUIER INCUMPLIMIENTO DE CUALQUIER INFRACCI\u00d3N O CUALQUIER INCUMPLIMIENTO DE CUALQUIER INFRACCI\u00d3N SIN NUESTRA AUTORIZACI\u00d3N EXPRESA.<\/p>\n<p>&nbsp;<\/p>\n<ol start=\"4\">\n<li><strong><strong>Cookies<\/strong><\/strong><\/li>\n<\/ol>\n<p>Una cookie es un peque\u00f1o archivo de texto que, si bien no recoge informaci\u00f3n personal que permita identificar al usuario, almacena informaci\u00f3n general sobre su navegaci\u00f3n en su dispositivo de acceso (tel\u00e9fono m\u00f3vil, computadora u otro) que permite un posterior uso m\u00e1s r\u00e1pido. eficiente.<br \/>\nUna cookie, por s\u00ed sola, no identifica personalmente a ning\u00fan usuario \/ visitante.<br \/>\nPodemos utilizar tecnolog\u00edas como \u00abcookies\u00bb para registrar informaci\u00f3n de la sesi\u00f3n, recopilar visitas y detalles de acceso en nuestras p\u00e1ginas web que nos permiten continuar mejorando nuestros servicios y proporcionar recursos mejores y m\u00e1s \u00fatiles a los usuarios \/ visitantes de nuestro sitio web.<\/p>\n<p>Las cookies son recomendadas y tienen funciones espec\u00edficas para permitir una mejor y m\u00e1s personalizada navegaci\u00f3n.<\/p>\n<p>La existencia de cookies no afecta el funcionamiento de su dispositivo y su sistema operativo. Adem\u00e1s de la informaci\u00f3n almacenada en la cookie, la informaci\u00f3n tambi\u00e9n se almacena en el \u00e1rea de \u00abalmacenamiento local\u00bb de su navegador con el mismo prop\u00f3sito que las cookies.<\/p>\n<p>Las cookies pueden ser de varios tipos: aquellas que le permiten identificar al usuario y mejorar el funcionamiento de los servicios en los sitios web; aquellos que mejoran el rendimiento del sitio mediante el an\u00e1lisis de c\u00f3mo lo utilizan los usuarios; las que permiten al usuario navegar de forma m\u00e1s individual y las que recogen informaci\u00f3n del usuario sobre los h\u00e1bitos de navegaci\u00f3n en Internet para que la publicidad visualizada por el usuario se corresponda con sus necesidades e intereses.<\/p>\n<p>El objetivo principal de nuestras cookies es mejorar su experiencia de navegaci\u00f3n porque, entre otros fines, nos ayuda a recordar sus preferencias. Esta informaci\u00f3n tambi\u00e9n nos permite mejorar nuestro sitio web (por ejemplo, facilitando el an\u00e1lisis estad\u00edstico de su uso). En vista de estos prop\u00f3sitos, su informaci\u00f3n de identificaci\u00f3n personal de naturaleza sensible no se almacena a trav\u00e9s de cookies. La informaci\u00f3n contenida en nuestras cookies solo es utilizada por nosotros, excepto la relacionada con Google Analytics (administrada por Google).<\/p>\n<p>Todos los navegadores permiten al usuario aceptar, rechazar o eliminar las cookies, es decir, mediante la selecci\u00f3n de la configuraci\u00f3n adecuada en el navegador respectivo, de modo que el usuario puede, en cualquier momento, deshabilitar parcial o totalmente las cookies utilizadas en nuestro sitio web.<\/p>\n<p>Si selecciona deshabilitar las cookies, es posible que no pueda acceder a ciertas secciones de nuestro sitio web, su navegaci\u00f3n ser\u00e1 menos eficiente y es posible que ya no se beneficie de ninguna de las funciones o servicios.<\/p>\n<p>&nbsp;<\/p>\n<p>Nota: esta lista puede actualizarse debido a nuevos servicios y caracter\u00edsticas en nuestro sitio web con la introducci\u00f3n de nuevas cookies.<\/p>\n<ol start=\"5\">\n<li><strong>C\u00f3mo garantizar su seguridad<\/strong><\/li>\n<\/ol>\n<p>Para su privacidad, le recomendamos que no incluya datos personales, es decir, sensibles o confidenciales en los correos electr\u00f3nicos que nos env\u00eda. No nos env\u00ede n\u00fameros de tarjetas de cr\u00e9dito ni informaci\u00f3n personal confidencial por correo electr\u00f3nico.<\/p>\n<p>No recopilamos deliberadamente informaci\u00f3n personal de menores. Como padre o tutor legal, no permita que sus hijos env\u00eden informaci\u00f3n personal sin su permiso.<\/p>\n<p>NO SOMOS RESPONSABLES DE LOS DATOS DE IDENTIFICACI\u00d3N U OTRA INFORMACI\u00d3N QUE ELIJA ENVIAR A LOS FOROS COMO \u00c1REA DE COMENTARIOS O CUALQUIER OTRA \u00c1REA P\u00daBLICA ACCESIBLE QUE GESTIONAMOS O GESTIONAMOS.<\/p>\n<p>&nbsp;<\/p>\n<ol start=\"6\">\n<li><strong>Divulgaci\u00f3n de informaci\u00f3n a terceros<\/strong><\/li>\n<\/ol>\n<p>No vendemos, intercambiamos ni transferimos su informaci\u00f3n de identificaci\u00f3n personal a terceros. Esto no incluye a los terceros de confianza que nos ayudan a administrar nuestro sitio web, aplicaciones m\u00f3viles, llevar a cabo nuestro negocio o brindar servicios a nuestros clientes, siempre que esas partes acuerden mantener esta informaci\u00f3n confidencial.<\/p>\n<p>Tambi\u00e9n podemos divulgar su informaci\u00f3n cuando creemos que la divulgaci\u00f3n es apropiada para cumplir con la ley, para hacer cumplir las pol\u00edticas de nuestro sitio web o para proteger nuestros derechos, propiedad o seguridad.<\/p>\n<p>Sin embargo, la informaci\u00f3n del visitante no identificable personalmente se puede proporcionar a otras partes con fines de marketing, publicidad u otros usos.<\/p>\n<p>&nbsp;<\/p>\n<ol start=\"7\">\n<li><strong>Llamadas de terceros<\/strong><\/li>\n<\/ol>\n<p>Tenga en cuenta que, aunque se encuentre en un sitio web operado por nosotros, es posible que tambi\u00e9n se le remitan enlaces a sitios web de terceros. Ocasionalmente, a nuestra discreci\u00f3n, podemos incluir u ofrecer servicios de terceros en nuestras plataformas.<\/p>\n<p>Estos sitios de terceros tienen pol\u00edticas de privacidad separadas e independientes. Estas pol\u00edticas no son administradas ni controladas por nosotros, por lo que Lurdes Narciso Lda no asume ninguna responsabilidad por el contenido y las actividades de estos sitios web.<\/p>\n<p>Sin embargo, intentamos proteger la integridad de nuestro sitio web y nuestras plataformas y agradecemos que se comunique con nosotros si desea darnos su opini\u00f3n sobre ellos. Tambi\u00e9n le recomendamos que lea atentamente los t\u00e9rminos y condiciones y las pol\u00edticas de privacidad de estos sitios web vinculados antes de enviar cualquier informaci\u00f3n o datos personales.<\/p>\n<p>&nbsp;<\/p>\n<ol start=\"8\">\n<li><strong>Tu consentimiento<\/strong><\/li>\n<\/ol>\n<p>Al utilizar nuestro sitio web y nuestras plataformas, acepta nuestra Pol\u00edtica de privacidad.<\/p>\n<p>&nbsp;<\/p>\n<ol start=\"9\">\n<li><strong>Periodo de conservaci\u00f3n de sus datos<\/strong><\/li>\n<\/ol>\n<p>Cabe mencionar que los datos personales que nos proporciones se conservar\u00e1n hasta que solicites su eliminaci\u00f3n.<\/p>\n<p>&nbsp;<\/p>\n<ol start=\"10\">\n<li><strong>Derechos de autor<\/strong><\/li>\n<\/ol>\n<p>Los videos, sonidos, im\u00e1genes y toda la informaci\u00f3n de este sitio web no pueden ser copiados, distribuidos, modificados o colocados en plataformas digitales, sin la autorizaci\u00f3n previa de Lurdes Narciso Lda.<\/p>\n<p>&nbsp;<\/p>\n<ol start=\"11\">\n<li><strong>Tus derechos<\/strong><\/li>\n<\/ol>\n<p>Dado que queremos asegurarnos de que conoce sus derechos y de conformidad con la ley aplicable, queremos informarle que:<\/p>\n<ul>\n<li>Sus datos personales le pertenecen. Como tal, tiene derecho a acceder, rectificar, limitar, suprimir y oponerse a su tratamiento as\u00ed como a obtenerlos de Lurdes Narciso Lda.<\/li>\n<li>Haremos todo lo posible para garantizar que sus datos personales se mantengan actualizados y protegidos de acuerdo con los mejores est\u00e1ndares practicados por la industria.<\/li>\n<li>Tiene derecho a presentar una reclamaci\u00f3n ante la autoridad de protecci\u00f3n de datos competente. En Portugal, esta autoridad es la Comisi\u00f3n Nacional de Protecci\u00f3n de Datos (\u201cCNPD\u201d). Se puede obtener m\u00e1s informaci\u00f3n sobre CNPD a trav\u00e9s del sitio web <a href=\"http:\/\/www.cnpd.pt\/\">cnpd.pt.<\/a><\/li>\n<\/ul>\n<p><strong><br \/>\n<\/strong>Para ejercitar sus derechos de acceso, rectificaci\u00f3n, supresi\u00f3n, bloqueo u oposici\u00f3n al tratamiento de los datos personales que nos facilite, en los t\u00e9rminos de la Ley No 67\/98, de 26 de octubre, deber\u00e1 enviar una solicitud a tal efecto, a trav\u00e9s del siguiente direcci\u00f3n de correo electr\u00f3nico: geral@lurdesnarciso.com.<\/p>\n<p>&nbsp;<\/p>\n<ol start=\"12\">\n<li><strong>Ley aplicable <\/strong><\/li>\n<\/ol>\n<p>Estos T\u00e9rminos de uso y uso se rigen y elaboran de acuerdo con la legislaci\u00f3n vigente. Cualquier conflicto o divergencia en su interpretaci\u00f3n ser\u00e1 sometido al Tribunal competente.<\/p>\n<p>&nbsp;<\/p>\n<ol start=\"13\">\n<li><strong>Cambios a nuestra pol\u00edtica de privacidad<\/strong><\/li>\n<\/ol>\n<p>Nos reservamos el derecho de actualizar, cambiar o eliminar esta Pol\u00edtica de Privacidad cualquiera de los t\u00e9rminos en este documento sin ning\u00fan consentimiento posterior. Cualquier cambio que se produzca en el mismo lo notaremos en nuestro sitio web as\u00ed como a trav\u00e9s de una comunicaci\u00f3n a los medios de contacto indicados. El uso continuo de nuestro sitio web, aplicaciones, servicios y recursos ofrecidos despu\u00e9s de dicha comunicaci\u00f3n tendr\u00e1 su acuerdo con dichos cambios.<\/p>\n<p>La versi\u00f3n actual se public\u00f3 el 09\/11\/2020.<\/p>\n<p>&nbsp;<\/p>\n<ol start=\"14\">\n<li><strong>Cont\u00e1ctenos<\/strong><\/li>\n<\/ol>\n<p>En caso de duda sobre esta Pol\u00edtica de Privacidad o si tiene la intenci\u00f3n de ejercer alguno de sus derechos mencionados anteriormente, comun\u00edquese con nosotros a trav\u00e9s de:<\/p>\n<p>Tel\u00e9fono: (+351) 296 965 367<\/p>\n<p>Correo electr\u00f3nico: geral@lurdesnarciso.com[\/vc_column_text][\/vc_column][\/vc_row]<\/p>\n","protected":false},"excerpt":{"rendered":"<p>[vc_row][vc_column][vc_column_text] RGPD &#8211; R\u00e9gimen general de protecci\u00f3n de datos Pol\u00edtica de privacidad | Condiciones de uso &amp; Usar &nbsp; DECLARACI\u00d3N Y CONSENTIMIENTO A LA POL\u00cdTICA DE PRIVACIDAD Al aceptar esta Pol\u00edtica de privacidad, usted autoriza a Lurdes Narciso Lda, persona jur\u00eddica n\u00famero 512067716, con sede en Canad\u00e1 do Fisher Armaz\u00e9m 9, 9560-119 Ros\u00e1rio &#8211; Lagoa, S. Miguel &#8211; A\u00e7ores, para&hellip;<\/p>\n","protected":false},"author":1,"featured_media":0,"parent":0,"menu_order":0,"comment_status":"closed","ping_status":"closed","template":"","meta":[],"yoast_head":"<!-- This site is optimized with the Yoast SEO plugin v15.4 - https:\/\/yoast.com\/wordpress\/plugins\/seo\/ -->\n<meta name=\"description\" content=\"Al aceptar esta Pol\u00edtica de Privacidad, usted autoriza a Lurdes Narciso Lda para procesar sus datos personales presentes en su formulario.\" \/>\n<meta name=\"robots\" content=\"index, follow, max-snippet:-1, max-image-preview:large, max-video-preview:-1\" \/>\n<link rel=\"canonical\" href=\"https:\/\/www.lurdesnarciso.com\/es\/politica-de-privacidad\/\" \/>\n<meta property=\"og:locale\" content=\"es_ES\" \/>\n<meta property=\"og:type\" content=\"article\" \/>\n<meta property=\"og:title\" content=\"Pol\u00edtica de privacidad - Lurdes Narciso, LDA Venta al por mayor\" \/>\n<meta property=\"og:description\" content=\"Al aceptar esta Pol\u00edtica de Privacidad, usted autoriza a Lurdes Narciso Lda para procesar sus datos personales presentes en su formulario.\" \/>\n<meta property=\"og:url\" content=\"https:\/\/www.lurdesnarciso.com\/es\/politica-de-privacidad\/\" \/>\n<meta property=\"og:site_name\" content=\"Lurdes Narciso, LDA\" \/>\n<meta property=\"article:modified_time\" content=\"2021-03-11T13:06:29+00:00\" \/>\n<meta name=\"twitter:card\" content=\"summary_large_image\" \/>\n<meta name=\"twitter:label1\" content=\"Escrito por\">\n\t<meta name=\"twitter:data1\" content=\"administrador\">\n\t<meta name=\"twitter:label2\" content=\"Tiempo de lectura\">\n\t<meta name=\"twitter:data2\" content=\"10 minutos\">\n<script type=\"application\/ld+json\" class=\"yoast-schema-graph\">{\"@context\":\"https:\/\/schema.org\",\"@graph\":[{\"@type\":\"WebSite\",\"@id\":\"https:\/\/www.lurdesnarciso.com\/fr\/#website\",\"url\":\"https:\/\/www.lurdesnarciso.com\/fr\/\",\"name\":\"Lurdes Narciso, LDA\",\"description\":\"Fish from Atlantic Ocean\",\"potentialAction\":[{\"@type\":\"SearchAction\",\"target\":\"https:\/\/www.lurdesnarciso.com\/fr\/?s={search_term_string}\",\"query-input\":\"required name=search_term_string\"}],\"inLanguage\":\"es\"},{\"@type\":\"WebPage\",\"@id\":\"https:\/\/www.lurdesnarciso.com\/es\/politica-de-privacidad\/#webpage\",\"url\":\"https:\/\/www.lurdesnarciso.com\/es\/politica-de-privacidad\/\",\"name\":\"Pol\\u00edtica de privacidad - Lurdes Narciso, LDA Venta al por mayor\",\"isPartOf\":{\"@id\":\"https:\/\/www.lurdesnarciso.com\/fr\/#website\"},\"datePublished\":\"2020-10-02T11:16:40+00:00\",\"dateModified\":\"2021-03-11T13:06:29+00:00\",\"description\":\"Al aceptar esta Pol\\u00edtica de Privacidad, usted autoriza a Lurdes Narciso Lda para procesar sus datos personales presentes en su formulario.\",\"inLanguage\":\"es\",\"potentialAction\":[{\"@type\":\"ReadAction\",\"target\":[\"https:\/\/www.lurdesnarciso.com\/es\/politica-de-privacidad\/\"]}]}]}<\/script>\n<!-- \/ Yoast SEO plugin. -->","_links":{"self":[{"href":"https:\/\/www.lurdesnarciso.com\/es\/wp-json\/wp\/v2\/pages\/1683"}],"collection":[{"href":"https:\/\/www.lurdesnarciso.com\/es\/wp-json\/wp\/v2\/pages"}],"about":[{"href":"https:\/\/www.lurdesnarciso.com\/es\/wp-json\/wp\/v2\/types\/page"}],"author":[{"embeddable":true,"href":"https:\/\/www.lurdesnarciso.com\/es\/wp-json\/wp\/v2\/users\/1"}],"replies":[{"embeddable":true,"href":"https:\/\/www.lurdesnarciso.com\/es\/wp-json\/wp\/v2\/comments?post=1683"}],"version-history":[{"count":5,"href":"https:\/\/www.lurdesnarciso.com\/es\/wp-json\/wp\/v2\/pages\/1683\/revisions"}],"predecessor-version":[{"id":2900,"href":"https:\/\/www.lurdesnarciso.com\/es\/wp-json\/wp\/v2\/pages\/1683\/revisions\/2900"}],"wp:attachment":[{"href":"https:\/\/www.lurdesnarciso.com\/es\/wp-json\/wp\/v2\/media?parent=1683"}],"curies":[{"name":"wp","href":"https:\/\/api.w.org\/{rel}","templated":true}]}}